{"id":21451,"date":"2025-03-19T18:06:50","date_gmt":"2025-03-19T17:06:50","guid":{"rendered":"https:\/\/wakeupnetwork.hu\/my\/?page_id=21451"},"modified":"2026-02-26T20:33:18","modified_gmt":"2026-02-26T19:33:18","slug":"regisztracio","status":"publish","type":"page","link":"https:\/\/wakeupnetwork.hu\/my\/regisztracio\/","title":{"rendered":"Regisztr\u00e1ci\u00f3"},"content":{"rendered":"\t\t<div data-elementor-type=\"wp-page\" data-elementor-id=\"21451\" class=\"elementor elementor-21451\" data-elementor-post-type=\"page\">\n\t\t\t\t\t\t<section class=\"elementor-section elementor-top-section elementor-element elementor-element-3c2342b elementor-section-content-middle elementor-section-boxed elementor-section-height-default elementor-section-height-default\" data-id=\"3c2342b\" data-element_type=\"section\" data-e-type=\"section\">\n\t\t\t\t\t\t<div class=\"elementor-container elementor-column-gap-no\">\n\t\t\t\t\t<div class=\"elementor-column elementor-col-50 elementor-top-column elementor-element elementor-element-682fa5e\" data-id=\"682fa5e\" data-element_type=\"column\" data-e-type=\"column\">\n\t\t\t<div class=\"elementor-widget-wrap elementor-element-populated\">\n\t\t\t\t\t\t<div class=\"elementor-element elementor-element-655343cd elementor-widget elementor-widget-heading\" data-id=\"655343cd\" data-element_type=\"widget\" data-e-type=\"widget\" data-widget_type=\"heading.default\">\n\t\t\t\t<div class=\"elementor-widget-container\">\n\t\t\t\t\t<h2 class=\"elementor-heading-title elementor-size-default\">Regisztr\u00e1lj My WakeUp \u00fcgyf\u00e9lfi\u00f3kot<\/h2>\t\t\t\t<\/div>\n\t\t\t\t<\/div>\n\t\t\t\t<div class=\"elementor-element elementor-element-3528d115 elementor-widget elementor-widget-text-editor\" data-id=\"3528d115\" data-element_type=\"widget\" data-e-type=\"widget\" data-widget_type=\"text-editor.default\">\n\t\t\t\t<div class=\"elementor-widget-container\">\n\t\t\t\t\t\t\t\t\t<p style=\"text-align: center;\">Add meg az adataidat, olvasd el majd fogadd el az adatkezel\u00e9si t\u00e1j\u00e9koztat\u00f3nkat, valamint az \u00c1ltal\u00e1nos Szerz\u0151d\u00e9si Felt\u00e9teleket majd kattints a regisztr\u00e1ci\u00f3 gombra. Ezt\u00e1n m\u00e1r el is k\u00e9sz\u00fclt a My WakeUp fi\u00f3kod. Ha m\u00e1r van My WakeUp \u00fcgyf\u00e9lfi\u00f3kod, <a href=\"https:\/\/wakeupnetwork.hu\/my\/fiokom\/\">kattints ide a bejelentkez\u00e9shez.<\/a><\/p>\t\t\t\t\t\t\t\t<\/div>\n\t\t\t\t<\/div>\n\t\t\t\t<div class=\"elementor-element elementor-element-5a8e6ec elementor-widget elementor-widget-shortcode\" data-id=\"5a8e6ec\" data-element_type=\"widget\" data-e-type=\"widget\" data-widget_type=\"shortcode.default\">\n\t\t\t\t<div class=\"elementor-widget-container\">\n\t\t\t\t\t\t\t<div class=\"elementor-shortcode\">  \n    <div class=\"woocommerce\"><form method=\"post\" class=\"wu-registration-form\">  \n        <div class=\"wu-section\"><div class=\"wu-4-col\"><div class=\"wu-input-wrapper\"><label>Titulus<\/label><select name=\"wuf_user_title\" ><option value=\"\">V\u00e1lassz...<\/option><option value=\"dr.\" >dr.<\/option><option value=\"Dr.\" >Dr.<\/option><option value=\"\u00dar\" >\u00dar<\/option><option value=\"H\u00f6lgy\" >H\u00f6lgy<\/option><\/select><\/div><div class=\"wu-input-wrapper\"><label>Vezet\u00e9kn\u00e9v<span class=\"wu-required-star\">*<\/span><\/label><input type=\"text\" id=\"wuf_account_last_name\" name=\"wuf_account_last_name\" value=\"\" data-req=\"1\"  ><\/div><div class=\"wu-input-wrapper\"><label>Keresztn\u00e9v<span class=\"wu-required-star\">*<\/span><\/label><input type=\"text\" id=\"wuf_account_first_name\" name=\"wuf_account_first_name\" value=\"\" data-req=\"1\"  ><\/div><div class=\"wu-input-wrapper\"><label>Egy\u00e9b nevek<\/label><input type=\"text\" id=\"wuf_other_names\" name=\"wuf_other_names\" value=\"\"   ><\/div><\/div>  \n        <div class=\"wu-2-col\"><div class=\"wu-input-wrapper\"><label>E-mail c\u00edm<span class=\"wu-required-star\">*<\/span><\/label><input type=\"email\" id=\"wuf_account_email\" name=\"wuf_account_email\" value=\"\" data-req=\"1\"  ><\/div><div class=\"wu-input-wrapper\"><label>E-mail meger\u0151s\u00edt\u00e9se<span class=\"wu-required-star\">*<\/span><\/label><input type=\"email\" name=\"wuf_account_email_confirm\" id=\"wuf_account_email_confirm\" required><div id=\"email_error\" class=\"wu-error-text\">Az e-mail c\u00edmek nem egyeznek!<\/div><\/div><\/div>  \n        <div class=\"wu-2-col\" style=\"margin-top:20px;\"><div class=\"wu-input-wrapper\"><label>Jelsz\u00f3<span class=\"wu-required-star\">*<\/span><\/label><input type=\"password\" name=\"wuf_reg_password\" id=\"wuf_reg_password\" required><div class=\"wu-pw-meter\"><div class=\"wu-pw-bar\"><\/div><div class=\"wu-pw-bar\"><\/div><div class=\"wu-pw-bar\"><\/div><div class=\"wu-pw-bar\"><\/div><div class=\"wu-pw-bar\"><\/div><\/div><div class=\"wu-pw-text\">Minimum 8 karakter, kis\/nagybet\u0171 \u00e9s sz\u00e1m.<\/div><\/div><div class=\"wu-input-wrapper\"><label>Jelsz\u00f3 meger\u0151s\u00edt\u00e9se<span class=\"wu-required-star\">*<\/span><\/label><input type=\"password\" name=\"wuf_reg_password_confirm\" id=\"wuf_reg_password_confirm\" required><div id=\"pw_error\" class=\"wu-error-text\">A jelszavak nem egyeznek!<\/div><\/div><\/div><\/div>  \n        <div class=\"wu-checkout-newsletter\" style=\"background:#f9fafb; padding:25px; border-radius:12px; color:#111827; border:1px solid #e5e7eb;\"><label style=\"display:flex; gap:10px; cursor:pointer;\"><input type=\"checkbox\" name=\"reg_policy_accept\" required style=\"accent-color:#000000; transform:scale(1.2);\"><span style=\"font-size:13px; font-weight:600;\">Kijelentem, hogy elolvastam \u00e9s elfogadom a WakeUp Network \u00e1ltal kiadott <a href=\"https:\/\/wakeupnetwork.hu\/my\/aszf\/?wu_bare_legal=1\" target=\"_blank\" style=\"color:#2563eb;\">\u00c1ltal\u00e1nos Szerz\u0151d\u00e9si Felt\u00e9telek<\/a>, valamint az <a href=\"https:\/\/wakeupnetwork.hu\/my\/adatvedelem\/?wu_bare_legal=1\" target=\"_blank\" style=\"color:#2563eb;\">Adatkezel\u00e9si T\u00e1j\u00e9koztat\u00f3<\/a> rendelkez\u00e9seit.<\/span><\/label><\/div>  \n        <p style=\"margin-top:25px;\"><input type=\"hidden\" id=\"wu_nonce\" name=\"wu_nonce\" value=\"90777eb16d\" \/><input type=\"hidden\" name=\"_wp_http_referer\" value=\"\/my\/wp-json\/wp\/v2\/pages\/21451\" \/><button type=\"submit\" name=\"wu_reg_submit\" id=\"wu_reg_submit_btn\" class=\"button wu-save-btn\" disabled>Regisztr\u00e1ci\u00f3 v\u00e9gleges\u00edt\u00e9se<\/button><\/p>  \n    <\/form><\/div>  \n    <\/div>\n\t\t\t\t\t\t<\/div>\n\t\t\t\t<\/div>\n\t\t\t\t\t<\/div>\n\t\t<\/div>\n\t\t\t\t<div class=\"elementor-column elementor-col-50 elementor-top-column elementor-element elementor-element-b394f04\" data-id=\"b394f04\" data-element_type=\"column\" data-e-type=\"column\" data-settings=\"{&quot;background_background&quot;:&quot;classic&quot;}\">\n\t\t\t<div class=\"elementor-widget-wrap elementor-element-populated\">\n\t\t\t\t\t\t<div class=\"elementor-element elementor-element-48d8538e elementor-widget elementor-widget-heading\" data-id=\"48d8538e\" data-element_type=\"widget\" data-e-type=\"widget\" data-widget_type=\"heading.default\">\n\t\t\t\t<div class=\"elementor-widget-container\">\n\t\t\t\t\t<h2 class=\"elementor-heading-title elementor-size-default\">Mi a regisztr\u00e1ci\u00f3 menete?<\/h2>\t\t\t\t<\/div>\n\t\t\t\t<\/div>\n\t\t\t\t<div class=\"elementor-element elementor-element-d516b25 elementor-widget elementor-widget-text-editor\" data-id=\"d516b25\" data-element_type=\"widget\" data-e-type=\"widget\" data-widget_type=\"text-editor.default\">\n\t\t\t\t<div class=\"elementor-widget-container\">\n\t\t\t\t\t\t\t\t\t<p>Gyorsan \u00e9s k\u00f6nnyed\u00e9n l\u00e9trehozhatod ingyenes My WakeUp fi\u00f3kodat, amely ut\u00e1n \u00e9lvezheted a vele j\u00e1r\u00f3 el\u0151ny\u00f6ket \u00e9s kedvezm\u00e9nyeket!<\/p>\t\t\t\t\t\t\t\t<\/div>\n\t\t\t\t<\/div>\n\t\t\t\t<div class=\"elementor-element elementor-element-a930c02 elementor-drop-cap-yes elementor-drop-cap-view-stacked elementor-widget elementor-widget-text-editor\" data-id=\"a930c02\" data-element_type=\"widget\" data-e-type=\"widget\" data-settings=\"{&quot;drop_cap&quot;:&quot;yes&quot;}\" data-widget_type=\"text-editor.default\">\n\t\t\t\t<div class=\"elementor-widget-container\">\n\t\t\t\t\t\t\t\t\t<p>1 Add meg az szem\u00e9lyes adataidat. Olvasd el, majd fogadd el az <a href=\"https:\/\/wakeupnetwork.hu\/adatkezelesi-tajekoztato\/\" target=\"_blank\" rel=\"noopener\">Adatkezel\u00e9si t\u00e1j\u00e9koztat\u00f3<\/a>, valamint az <a href=\"https:\/\/wakeupnetwork.hu\/my\/aszf\/\" target=\"_blank\" rel=\"noopener\">\u00c1ltal\u00e1nos Szerz\u0151d\u00e9si Felt\u00e9telek<\/a> rendelkez\u00e9seket \u00e9s kattints a <i>&#8222;My WakeUp fi\u00f3k regisztr\u00e1ci\u00f3&#8221;<\/i> gombra.<\/p>\t\t\t\t\t\t\t\t<\/div>\n\t\t\t\t<\/div>\n\t\t\t\t<div class=\"elementor-element elementor-element-78341d18 elementor-drop-cap-yes elementor-drop-cap-view-stacked elementor-widget elementor-widget-text-editor\" data-id=\"78341d18\" data-element_type=\"widget\" data-e-type=\"widget\" data-settings=\"{&quot;drop_cap&quot;:&quot;yes&quot;}\" data-widget_type=\"text-editor.default\">\n\t\t\t\t<div class=\"elementor-widget-container\">\n\t\t\t\t\t\t\t\t\t<p>2 Ezut\u00e1n a WakeUp Network rendszere emailben automatikusan visszaigazolja a regisztr\u00e1ci\u00f3t, majd bejelentkezhetsz My WakeUp fi\u00f3kodba \u00e9s megadhatod sz\u00e1ml\u00e1z\u00e1si \u00e9s c\u00e9ges adataidat.<\/p>\t\t\t\t\t\t\t\t<\/div>\n\t\t\t\t<\/div>\n\t\t\t\t<div class=\"elementor-element elementor-element-108e0d1d elementor-drop-cap-yes elementor-drop-cap-view-stacked elementor-widget elementor-widget-text-editor\" data-id=\"108e0d1d\" data-element_type=\"widget\" data-e-type=\"widget\" data-settings=\"{&quot;drop_cap&quot;:&quot;yes&quot;}\" data-widget_type=\"text-editor.default\">\n\t\t\t\t<div class=\"elementor-widget-container\">\n\t\t\t\t\t\t\t\t\t<p>3 Fontos, hogy a My WakeUp fi\u00f3kkal nem v\u00e1lsz automatikusan WakeUp Affiliate &#8211; viszontelad\u00f3 partnerr\u00e9. Az mindenk\u00e9ppen k\u00fcl\u00f6n regisztr\u00e1ci\u00f3t \u00e9s egyeztet\u00e9st ig\u00e9nyel koll\u00e9g\u00e1inkkal.<\/p>\t\t\t\t\t\t\t\t<\/div>\n\t\t\t\t<\/div>\n\t\t\t\t<div class=\"elementor-element elementor-element-f3b8a3a elementor-align-center elementor-widget elementor-widget-button\" data-id=\"f3b8a3a\" data-element_type=\"widget\" data-e-type=\"widget\" data-widget_type=\"button.default\">\n\t\t\t\t<div class=\"elementor-widget-container\">\n\t\t\t\t\t\t\t\t\t<div class=\"elementor-button-wrapper\">\n\t\t\t\t\t<a class=\"elementor-button elementor-button-link elementor-size-sm\" href=\"https:\/\/wakeupnetwork.hu\/my\/fiokom\/\">\n\t\t\t\t\t\t<span class=\"elementor-button-content-wrapper\">\n\t\t\t\t\t\t\t\t\t<span class=\"elementor-button-text\">Van m\u00e1r fi\u00f3kod? Bejelentkez\u00e9s!<\/span>\n\t\t\t\t\t<\/span>\n\t\t\t\t\t<\/a>\n\t\t\t\t<\/div>\n\t\t\t\t\t\t\t\t<\/div>\n\t\t\t\t<\/div>\n\t\t\t\t<div class=\"elementor-element elementor-element-1f8abb9 elementor-widget elementor-widget-text-editor\" data-id=\"1f8abb9\" data-element_type=\"widget\" data-e-type=\"widget\" data-widget_type=\"text-editor.default\">\n\t\t\t\t<div class=\"elementor-widget-container\">\n\t\t\t\t\t\t\t\t\t<p><span style=\"color: #000000;\"><a style=\"color: #000000;\" href=\"https:\/\/wakeupnetwork.hu\/ugyfelszolgalat\/\" target=\"_blank\" rel=\"noopener\">Elakadt\u00e1l a regisztr\u00e1ci\u00f3val? Semmi gond! Kattints ide \u00e9s l\u00e1togass el a WakeUp e-\u00dcgyf\u00e9lszolg\u00e1lati oldal\u00e1ra ahol seg\u00edts\u00e9get tal\u00e1lhatsz!<\/a><\/span><\/p>\t\t\t\t\t\t\t\t<\/div>\n\t\t\t\t<\/div>\n\t\t\t\t\t<\/div>\n\t\t<\/div>\n\t\t\t\t\t<\/div>\n\t\t<\/section>\n\t\t\t\t<\/div>\n\t\t","protected":false},"excerpt":{"rendered":"<p>Regisztr\u00e1lj My WakeUp \u00fcgyf\u00e9lfi\u00f3kot Add meg az adataidat, olvasd el majd fogadd el az adatkezel\u00e9si t\u00e1j\u00e9koztat\u00f3nkat, valamint az \u00c1ltal\u00e1nos Szerz\u0151d\u00e9si Felt\u00e9teleket majd kattints a regisztr\u00e1ci\u00f3 gombra. Ezt\u00e1n m\u00e1r el is k\u00e9sz\u00fclt a My WakeUp fi\u00f3kod. Ha m\u00e1r van My WakeUp \u00fcgyf\u00e9lfi\u00f3kod, kattints ide a bejelentkez\u00e9shez. Mi a regisztr\u00e1ci\u00f3 menete? Gyorsan \u00e9s k\u00f6nnyed\u00e9n l\u00e9trehozhatod ingyenes My [&hellip;]<\/p>\n","protected":false},"author":2,"featured_media":0,"parent":0,"menu_order":0,"comment_status":"closed","ping_status":"closed","template":"","meta":{"footnotes":""},"class_list":["post-21451","page","type-page","status-publish","hentry"],"_links":{"self":[{"href":"https:\/\/wakeupnetwork.hu\/my\/wp-json\/wp\/v2\/pages\/21451","targetHints":{"allow":["GET"]}}],"collection":[{"href":"https:\/\/wakeupnetwork.hu\/my\/wp-json\/wp\/v2\/pages"}],"about":[{"href":"https:\/\/wakeupnetwork.hu\/my\/wp-json\/wp\/v2\/types\/page"}],"author":[{"embeddable":true,"href":"https:\/\/wakeupnetwork.hu\/my\/wp-json\/wp\/v2\/users\/2"}],"replies":[{"embeddable":true,"href":"https:\/\/wakeupnetwork.hu\/my\/wp-json\/wp\/v2\/comments?post=21451"}],"version-history":[{"count":3,"href":"https:\/\/wakeupnetwork.hu\/my\/wp-json\/wp\/v2\/pages\/21451\/revisions"}],"predecessor-version":[{"id":27247,"href":"https:\/\/wakeupnetwork.hu\/my\/wp-json\/wp\/v2\/pages\/21451\/revisions\/27247"}],"wp:attachment":[{"href":"https:\/\/wakeupnetwork.hu\/my\/wp-json\/wp\/v2\/media?parent=21451"}],"curies":[{"name":"wp","href":"https:\/\/api.w.org\/{rel}","templated":true}]}}