{"id":27527,"date":"2026-03-13T14:28:26","date_gmt":"2026-03-13T13:28:26","guid":{"rendered":"https:\/\/wakeupnetwork.hu\/my\/?page_id=27527"},"modified":"2026-04-30T22:16:45","modified_gmt":"2026-04-30T20:16:45","slug":"adatvedelmi-kozpont","status":"publish","type":"page","link":"https:\/\/wakeupnetwork.hu\/my\/adatvedelmi-kozpont\/","title":{"rendered":"Adatv\u00e9delmi k\u00f6zpont"},"content":{"rendered":"\t\t<div data-elementor-type=\"wp-page\" data-elementor-id=\"27527\" class=\"elementor elementor-27527\" data-elementor-post-type=\"page\">\n\t\t\t\t\t\t<section class=\"elementor-section elementor-top-section elementor-element elementor-element-56d8c777 elementor-section-boxed elementor-section-height-default elementor-section-height-default\" data-id=\"56d8c777\" data-element_type=\"section\" data-e-type=\"section\">\n\t\t\t\t\t\t<div class=\"elementor-container elementor-column-gap-no\">\n\t\t\t\t\t<div class=\"elementor-column elementor-col-100 elementor-top-column elementor-element elementor-element-12c2a12c\" data-id=\"12c2a12c\" data-element_type=\"column\" data-e-type=\"column\">\n\t\t\t<div class=\"elementor-widget-wrap elementor-element-populated\">\n\t\t\t\t\t\t<section class=\"elementor-section elementor-inner-section elementor-element elementor-element-19dc3877 elementor-section-full_width elementor-section-height-default elementor-section-height-default\" data-id=\"19dc3877\" data-element_type=\"section\" data-e-type=\"section\">\n\t\t\t\t\t\t<div class=\"elementor-container elementor-column-gap-no\">\n\t\t\t\t\t<div class=\"elementor-column elementor-col-50 elementor-inner-column elementor-element elementor-element-5fef8113\" data-id=\"5fef8113\" data-element_type=\"column\" data-e-type=\"column\" data-settings=\"{&quot;background_background&quot;:&quot;classic&quot;}\">\n\t\t\t<div class=\"elementor-widget-wrap elementor-element-populated\">\n\t\t\t\t\t\t<div class=\"elementor-element elementor-element-447a4051 elementor-widget-tablet__width-auto elementor-view-default elementor-widget elementor-widget-icon\" data-id=\"447a4051\" data-element_type=\"widget\" data-e-type=\"widget\" data-widget_type=\"icon.default\">\n\t\t\t\t<div class=\"elementor-widget-container\">\n\t\t\t\t\t\t\t<div class=\"elementor-icon-wrapper\">\n\t\t\t<div class=\"elementor-icon\">\n\t\t\t<i aria-hidden=\"true\" class=\"fas fa-user-lock\"><\/i>\t\t\t<\/div>\n\t\t<\/div>\n\t\t\t\t\t\t<\/div>\n\t\t\t\t<\/div>\n\t\t\t\t<div class=\"elementor-element elementor-element-78ea8f6f elementor-widget-tablet__width-auto elementor-widget elementor-widget-heading\" data-id=\"78ea8f6f\" data-element_type=\"widget\" data-e-type=\"widget\" data-widget_type=\"heading.default\">\n\t\t\t\t<div class=\"elementor-widget-container\">\n\t\t\t\t\t<h2 class=\"elementor-heading-title elementor-size-default\">Adatkezel\u00e9s<\/h2>\t\t\t\t<\/div>\n\t\t\t\t<\/div>\n\t\t\t\t<div class=\"elementor-element elementor-element-aa0f7fb elementor-widget elementor-widget-text-editor\" data-id=\"aa0f7fb\" data-element_type=\"widget\" data-e-type=\"widget\" data-widget_type=\"text-editor.default\">\n\t\t\t\t<div class=\"elementor-widget-container\">\n\t\t\t\t\t\t\t\t\t<p>Az adatv\u00e9delmi \u00e9s kezel\u00e9si k\u00f6zpontunk m\u00e9g fejleszt\u00e9s alatt \u00e1ll.&nbsp;<\/p>\t\t\t\t\t\t\t\t<\/div>\n\t\t\t\t<\/div>\n\t\t\t\t<div class=\"elementor-element elementor-element-226ecc0f elementor-align-justify elementor-widget elementor-widget-button\" data-id=\"226ecc0f\" data-element_type=\"widget\" data-e-type=\"widget\" data-widget_type=\"button.default\">\n\t\t\t\t<div class=\"elementor-widget-container\">\n\t\t\t\t\t\t\t\t\t<div class=\"elementor-button-wrapper\">\n\t\t\t\t\t<a class=\"elementor-button elementor-button-link elementor-size-sm\" href=\"https:\/\/wakeupnetwork.hu\/my\/cegadatok\/\">\n\t\t\t\t\t\t<span class=\"elementor-button-content-wrapper\">\n\t\t\t\t\t\t\t\t\t<span class=\"elementor-button-text\">Profiladatok kezel\u00e9se<\/span>\n\t\t\t\t\t<\/span>\n\t\t\t\t\t<\/a>\n\t\t\t\t<\/div>\n\t\t\t\t\t\t\t\t<\/div>\n\t\t\t\t<\/div>\n\t\t\t\t\t<\/div>\n\t\t<\/div>\n\t\t\t\t<div class=\"elementor-column elementor-col-50 elementor-inner-column elementor-element elementor-element-1fa2a934\" data-id=\"1fa2a934\" data-element_type=\"column\" data-e-type=\"column\">\n\t\t\t<div class=\"elementor-widget-wrap elementor-element-populated\">\n\t\t\t\t\t\t<div class=\"elementor-element elementor-element-42ed43ca elementor-widget elementor-widget-html\" data-id=\"42ed43ca\" data-element_type=\"widget\" data-e-type=\"widget\" data-widget_type=\"html.default\">\n\t\t\t\t<div class=\"elementor-widget-container\">\n\t\t\t\t\t<div class=\"link-container\">\n  <a href=\"#\" class=\"cky-banner-element\" style=\"font-size: 12px; color: black;\">Kattints ide a cookie be\u00e1ll\u00edt\u00e1sok m\u00f3dos\u00edt\u00e1s\u00e1hoz<\/a>\n<\/div>\n\n<style>\n  .link-container {\n    text-align: left; \/* Alap\u00e9rtelmezettk\u00e9nt balra rendez\u00e9s *\/\n  }\n\n  @media (max-width: 768px) {\n    .link-container {\n      text-align: center; \/* Mobil n\u00e9zetben k\u00f6z\u00e9pre rendez\u00e9s *\/\n    }\n  }\n<\/style>\n\t\t\t\t<\/div>\n\t\t\t\t<\/div>\n\t\t\t\t\t<\/div>\n\t\t<\/div>\n\t\t\t\t\t<\/div>\n\t\t<\/section>\n\t\t\t\t\t<\/div>\n\t\t<\/div>\n\t\t\t\t\t<\/div>\n\t\t<\/section>\n\t\t\t\t<\/div>\n\t\t","protected":false},"excerpt":{"rendered":"<p>Adatkezel\u00e9s Az adatv\u00e9delmi \u00e9s kezel\u00e9si k\u00f6zpontunk m\u00e9g fejleszt\u00e9s alatt \u00e1ll.&nbsp; Profiladatok kezel\u00e9se Kattints ide a cookie be\u00e1ll\u00edt\u00e1sok m\u00f3dos\u00edt\u00e1s\u00e1hoz<\/p>\n","protected":false},"author":92,"featured_media":0,"parent":0,"menu_order":0,"comment_status":"closed","ping_status":"closed","template":"","meta":{"footnotes":""},"class_list":["post-27527","page","type-page","status-publish","hentry"],"_links":{"self":[{"href":"https:\/\/wakeupnetwork.hu\/my\/wp-json\/wp\/v2\/pages\/27527","targetHints":{"allow":["GET"]}}],"collection":[{"href":"https:\/\/wakeupnetwork.hu\/my\/wp-json\/wp\/v2\/pages"}],"about":[{"href":"https:\/\/wakeupnetwork.hu\/my\/wp-json\/wp\/v2\/types\/page"}],"author":[{"embeddable":true,"href":"https:\/\/wakeupnetwork.hu\/my\/wp-json\/wp\/v2\/users\/92"}],"replies":[{"embeddable":true,"href":"https:\/\/wakeupnetwork.hu\/my\/wp-json\/wp\/v2\/comments?post=27527"}],"version-history":[{"count":3,"href":"https:\/\/wakeupnetwork.hu\/my\/wp-json\/wp\/v2\/pages\/27527\/revisions"}],"predecessor-version":[{"id":28226,"href":"https:\/\/wakeupnetwork.hu\/my\/wp-json\/wp\/v2\/pages\/27527\/revisions\/28226"}],"wp:attachment":[{"href":"https:\/\/wakeupnetwork.hu\/my\/wp-json\/wp\/v2\/media?parent=27527"}],"curies":[{"name":"wp","href":"https:\/\/api.w.org\/{rel}","templated":true}]}}