{"id":27546,"date":"2026-03-17T05:07:23","date_gmt":"2026-03-17T04:07:23","guid":{"rendered":"https:\/\/wakeupnetwork.hu\/my\/?page_id=27546"},"modified":"2026-04-30T14:36:28","modified_gmt":"2026-04-30T12:36:28","slug":"elofizeteseim","status":"publish","type":"page","link":"https:\/\/wakeupnetwork.hu\/my\/elofizeteseim\/","title":{"rendered":"El\u0151fizet\u00e9seim"},"content":{"rendered":"\t\t<div data-elementor-type=\"wp-page\" data-elementor-id=\"27546\" class=\"elementor elementor-27546\" data-elementor-post-type=\"page\">\n\t\t\t\t\t\t<section class=\"elementor-section elementor-top-section elementor-element elementor-element-54a3ba9c elementor-section-boxed elementor-section-height-default elementor-section-height-default\" data-id=\"54a3ba9c\" data-element_type=\"section\" data-e-type=\"section\">\n\t\t\t\t\t\t<div class=\"elementor-container elementor-column-gap-no\">\n\t\t\t\t\t<div class=\"elementor-column elementor-col-100 elementor-top-column elementor-element elementor-element-44b19264\" data-id=\"44b19264\" data-element_type=\"column\" data-e-type=\"column\">\n\t\t\t<div class=\"elementor-widget-wrap elementor-element-populated\">\n\t\t\t\t\t\t<section class=\"elementor-section elementor-inner-section elementor-element elementor-element-7597abd0 elementor-section-full_width elementor-section-height-default elementor-section-height-default\" data-id=\"7597abd0\" data-element_type=\"section\" data-e-type=\"section\">\n\t\t\t\t\t\t<div class=\"elementor-container elementor-column-gap-no\">\n\t\t\t\t\t<div class=\"elementor-column elementor-col-50 elementor-inner-column elementor-element elementor-element-118c7044\" data-id=\"118c7044\" data-element_type=\"column\" data-e-type=\"column\" data-settings=\"{&quot;background_background&quot;:&quot;classic&quot;}\">\n\t\t\t<div class=\"elementor-widget-wrap elementor-element-populated\">\n\t\t\t\t\t\t<div class=\"elementor-element elementor-element-c5a59d elementor-widget-tablet__width-auto elementor-view-default elementor-widget elementor-widget-icon\" data-id=\"c5a59d\" data-element_type=\"widget\" data-e-type=\"widget\" data-widget_type=\"icon.default\">\n\t\t\t\t<div class=\"elementor-widget-container\">\n\t\t\t\t\t\t\t<div class=\"elementor-icon-wrapper\">\n\t\t\t<div class=\"elementor-icon\">\n\t\t\t<i aria-hidden=\"true\" class=\"fas fa-id-card\"><\/i>\t\t\t<\/div>\n\t\t<\/div>\n\t\t\t\t\t\t<\/div>\n\t\t\t\t<\/div>\n\t\t\t\t<div class=\"elementor-element elementor-element-7bb39908 elementor-widget-tablet__width-auto elementor-widget elementor-widget-heading\" data-id=\"7bb39908\" data-element_type=\"widget\" data-e-type=\"widget\" data-widget_type=\"heading.default\">\n\t\t\t\t<div class=\"elementor-widget-container\">\n\t\t\t\t\t<h2 class=\"elementor-heading-title elementor-size-default\">El\u0151fizet\u00e9seim<\/h2>\t\t\t\t<\/div>\n\t\t\t\t<\/div>\n\t\t\t\t<div class=\"elementor-element elementor-element-370d21a7 elementor-widget elementor-widget-text-editor\" data-id=\"370d21a7\" data-element_type=\"widget\" data-e-type=\"widget\" data-widget_type=\"text-editor.default\">\n\t\t\t\t<div class=\"elementor-widget-container\">\n\t\t\t\t\t\t\t\t\t<p>Itt tal\u00e1lod az el\u0151fizet\u00e9seidet. Ha m\u00e9g nincs el\u0151fizet\u00e9sed, akkor b\u00e1rmikor van lehet\u0151s\u00e9ged el\u0151fizet\u00e9si szerz\u0151d\u00e9st k\u00f6tni vel\u00fcnk! El\u0151fordulhat, hogy a m\u00e1r lej\u00e1rt el\u0151fizet\u00e9seid nem jelennek meg a list\u00e1ban! Azokat a rendel\u00e9s\u00f6sszes\u00edt\u0151ben tudod megtekinteni! Minden el\u0151fizet\u00e9st egyedileg tudsz kezelni, esetenk\u00e9nt sz\u00fcneteltetni \u00e9s lemondani.&nbsp;<\/p>\t\t\t\t\t\t\t\t<\/div>\n\t\t\t\t<\/div>\n\t\t\t\t<div class=\"elementor-element elementor-element-764afbc1 elementor-align-justify elementor-widget elementor-widget-button\" data-id=\"764afbc1\" data-element_type=\"widget\" data-e-type=\"widget\" data-widget_type=\"button.default\">\n\t\t\t\t<div class=\"elementor-widget-container\">\n\t\t\t\t\t\t\t\t\t<div class=\"elementor-button-wrapper\">\n\t\t\t\t\t<a class=\"elementor-button elementor-button-link elementor-size-sm\" href=\"https:\/\/wakeupnetwork.hu\/my\/\">\n\t\t\t\t\t\t<span class=\"elementor-button-content-wrapper\">\n\t\t\t\t\t\t\t\t\t<span class=\"elementor-button-text\">El\u0151fizet\u00e9sek felfedez\u00e9se<\/span>\n\t\t\t\t\t<\/span>\n\t\t\t\t\t<\/a>\n\t\t\t\t<\/div>\n\t\t\t\t\t\t\t\t<\/div>\n\t\t\t\t<\/div>\n\t\t\t\t\t<\/div>\n\t\t<\/div>\n\t\t\t\t<div class=\"elementor-column elementor-col-50 elementor-inner-column elementor-element elementor-element-3048f8a3\" data-id=\"3048f8a3\" data-element_type=\"column\" data-e-type=\"column\">\n\t\t\t<div class=\"elementor-widget-wrap elementor-element-populated\">\n\t\t\t\t\t\t<div class=\"elementor-element elementor-element-60b2c3a elementor-widget elementor-widget-shortcode\" data-id=\"60b2c3a\" data-element_type=\"widget\" data-e-type=\"widget\" data-widget_type=\"shortcode.default\">\n\t\t\t\t<div class=\"elementor-widget-container\">\n\t\t\t\t\t\t\t<div class=\"elementor-shortcode\"><p>K\u00e9rlek jelentkezz be!<\/p><\/div>\n\t\t\t\t\t\t<\/div>\n\t\t\t\t<\/div>\n\t\t\t\t\t<\/div>\n\t\t<\/div>\n\t\t\t\t\t<\/div>\n\t\t<\/section>\n\t\t\t\t\t<\/div>\n\t\t<\/div>\n\t\t\t\t\t<\/div>\n\t\t<\/section>\n\t\t\t\t<\/div>\n\t\t","protected":false},"excerpt":{"rendered":"<p>El\u0151fizet\u00e9seim Itt tal\u00e1lod az el\u0151fizet\u00e9seidet. Ha m\u00e9g nincs el\u0151fizet\u00e9sed, akkor b\u00e1rmikor van lehet\u0151s\u00e9ged el\u0151fizet\u00e9si szerz\u0151d\u00e9st k\u00f6tni vel\u00fcnk! El\u0151fordulhat, hogy a m\u00e1r lej\u00e1rt el\u0151fizet\u00e9seid nem jelennek meg a list\u00e1ban! Azokat a rendel\u00e9s\u00f6sszes\u00edt\u0151ben tudod megtekinteni! Minden el\u0151fizet\u00e9st egyedileg tudsz kezelni, esetenk\u00e9nt sz\u00fcneteltetni \u00e9s lemondani.&nbsp; El\u0151fizet\u00e9sek felfedez\u00e9se<\/p>\n","protected":false},"author":92,"featured_media":0,"parent":0,"menu_order":0,"comment_status":"closed","ping_status":"closed","template":"","meta":{"footnotes":""},"class_list":["post-27546","page","type-page","status-publish","hentry"],"_links":{"self":[{"href":"https:\/\/wakeupnetwork.hu\/my\/wp-json\/wp\/v2\/pages\/27546","targetHints":{"allow":["GET"]}}],"collection":[{"href":"https:\/\/wakeupnetwork.hu\/my\/wp-json\/wp\/v2\/pages"}],"about":[{"href":"https:\/\/wakeupnetwork.hu\/my\/wp-json\/wp\/v2\/types\/page"}],"author":[{"embeddable":true,"href":"https:\/\/wakeupnetwork.hu\/my\/wp-json\/wp\/v2\/users\/92"}],"replies":[{"embeddable":true,"href":"https:\/\/wakeupnetwork.hu\/my\/wp-json\/wp\/v2\/comments?post=27546"}],"version-history":[{"count":3,"href":"https:\/\/wakeupnetwork.hu\/my\/wp-json\/wp\/v2\/pages\/27546\/revisions"}],"predecessor-version":[{"id":28188,"href":"https:\/\/wakeupnetwork.hu\/my\/wp-json\/wp\/v2\/pages\/27546\/revisions\/28188"}],"wp:attachment":[{"href":"https:\/\/wakeupnetwork.hu\/my\/wp-json\/wp\/v2\/media?parent=27546"}],"curies":[{"name":"wp","href":"https:\/\/api.w.org\/{rel}","templated":true}]}}