{"id":28149,"date":"2026-04-30T12:55:20","date_gmt":"2026-04-30T10:55:20","guid":{"rendered":"https:\/\/wakeupnetwork.hu\/my\/?page_id=28149"},"modified":"2026-04-30T14:30:32","modified_gmt":"2026-04-30T12:30:32","slug":"cegadatok","status":"publish","type":"page","link":"https:\/\/wakeupnetwork.hu\/my\/cegadatok\/","title":{"rendered":"C\u00e9gadatok"},"content":{"rendered":"\t\t<div data-elementor-type=\"wp-page\" data-elementor-id=\"28149\" class=\"elementor elementor-28149\" data-elementor-post-type=\"page\">\n\t\t\t\t\t\t<section class=\"elementor-section elementor-top-section elementor-element elementor-element-79e88e23 elementor-section-boxed elementor-section-height-default elementor-section-height-default\" data-id=\"79e88e23\" data-element_type=\"section\" data-e-type=\"section\">\n\t\t\t\t\t\t<div class=\"elementor-container elementor-column-gap-no\">\n\t\t\t\t\t<div class=\"elementor-column elementor-col-100 elementor-top-column elementor-element elementor-element-68cd34fe\" data-id=\"68cd34fe\" data-element_type=\"column\" data-e-type=\"column\">\n\t\t\t<div class=\"elementor-widget-wrap elementor-element-populated\">\n\t\t\t\t\t\t<section class=\"elementor-section elementor-inner-section elementor-element elementor-element-7fc0215c elementor-section-full_width elementor-section-height-default elementor-section-height-default\" data-id=\"7fc0215c\" data-element_type=\"section\" data-e-type=\"section\">\n\t\t\t\t\t\t<div class=\"elementor-container elementor-column-gap-no\">\n\t\t\t\t\t<div class=\"elementor-column elementor-col-50 elementor-inner-column elementor-element elementor-element-3f42d13c\" data-id=\"3f42d13c\" data-element_type=\"column\" data-e-type=\"column\" data-settings=\"{&quot;background_background&quot;:&quot;classic&quot;}\">\n\t\t\t<div class=\"elementor-widget-wrap elementor-element-populated\">\n\t\t\t\t\t\t<div class=\"elementor-element elementor-element-3e8be41f elementor-widget-tablet__width-auto elementor-view-default elementor-widget elementor-widget-icon\" data-id=\"3e8be41f\" data-element_type=\"widget\" data-e-type=\"widget\" data-widget_type=\"icon.default\">\n\t\t\t\t<div class=\"elementor-widget-container\">\n\t\t\t\t\t\t\t<div class=\"elementor-icon-wrapper\">\n\t\t\t<div class=\"elementor-icon\">\n\t\t\t<i aria-hidden=\"true\" class=\"fas fa-building\"><\/i>\t\t\t<\/div>\n\t\t<\/div>\n\t\t\t\t\t\t<\/div>\n\t\t\t\t<\/div>\n\t\t\t\t<div class=\"elementor-element elementor-element-1f794baf elementor-widget-tablet__width-auto elementor-widget elementor-widget-heading\" data-id=\"1f794baf\" data-element_type=\"widget\" data-e-type=\"widget\" data-widget_type=\"heading.default\">\n\t\t\t\t<div class=\"elementor-widget-container\">\n\t\t\t\t\t<h2 class=\"elementor-heading-title elementor-size-default\">C\u00e9gadatok<\/h2>\t\t\t\t<\/div>\n\t\t\t\t<\/div>\n\t\t\t\t<div class=\"elementor-element elementor-element-640a157a elementor-widget elementor-widget-text-editor\" data-id=\"640a157a\" data-element_type=\"widget\" data-e-type=\"widget\" data-widget_type=\"text-editor.default\">\n\t\t\t\t<div class=\"elementor-widget-container\">\n\t\t\t\t\t\t\t\t\t<p>Ezen az oldalon tudod megadni az \u00e1ltalad kezelt \u00e9s k\u00e9pviselt szervezeteket amelyek nev\u00e9ben jogosult vagy elj\u00e1rni, szerz\u0151d\u00e9st k\u00f6tni vagy megrendel\u00e9seket leadni. Ha el\u0151re megadod az adatokat, akkor a megrendel\u00e9sek oldal\u00e1n a fizet\u00e9sn\u00e9l m\u00e1r nem kell.<\/p>\t\t\t\t\t\t\t\t<\/div>\n\t\t\t\t<\/div>\n\t\t\t\t<div class=\"elementor-element elementor-element-302474df elementor-align-justify elementor-widget elementor-widget-button\" data-id=\"302474df\" data-element_type=\"widget\" data-e-type=\"widget\" data-widget_type=\"button.default\">\n\t\t\t\t<div class=\"elementor-widget-container\">\n\t\t\t\t\t\t\t\t\t<div class=\"elementor-button-wrapper\">\n\t\t\t\t\t<a class=\"elementor-button elementor-button-link elementor-size-sm\" href=\"https:\/\/wakeupnetwork.hu\/my\/profiladatok\/\">\n\t\t\t\t\t\t<span class=\"elementor-button-content-wrapper\">\n\t\t\t\t\t\t\t\t\t<span class=\"elementor-button-text\">Profiladatok kezel\u00e9se<\/span>\n\t\t\t\t\t<\/span>\n\t\t\t\t\t<\/a>\n\t\t\t\t<\/div>\n\t\t\t\t\t\t\t\t<\/div>\n\t\t\t\t<\/div>\n\t\t\t\t\t<\/div>\n\t\t<\/div>\n\t\t\t\t<div class=\"elementor-column elementor-col-50 elementor-inner-column elementor-element elementor-element-2f6c4ce8\" data-id=\"2f6c4ce8\" data-element_type=\"column\" data-e-type=\"column\">\n\t\t\t<div class=\"elementor-widget-wrap elementor-element-populated\">\n\t\t\t\t\t\t<div class=\"elementor-element elementor-element-42eb8b01 elementor-widget elementor-widget-shortcode\" data-id=\"42eb8b01\" data-element_type=\"widget\" data-e-type=\"widget\" data-widget_type=\"shortcode.default\">\n\t\t\t\t<div class=\"elementor-widget-container\">\n\t\t\t\t\t\t\t<div class=\"elementor-shortcode\"><p>Jelentkezz be.<\/p><\/div>\n\t\t\t\t\t\t<\/div>\n\t\t\t\t<\/div>\n\t\t\t\t\t<\/div>\n\t\t<\/div>\n\t\t\t\t\t<\/div>\n\t\t<\/section>\n\t\t\t\t\t<\/div>\n\t\t<\/div>\n\t\t\t\t\t<\/div>\n\t\t<\/section>\n\t\t\t\t<\/div>\n\t\t","protected":false},"excerpt":{"rendered":"<p>C\u00e9gadatok Ezen az oldalon tudod megadni az \u00e1ltalad kezelt \u00e9s k\u00e9pviselt szervezeteket amelyek nev\u00e9ben jogosult vagy elj\u00e1rni, szerz\u0151d\u00e9st k\u00f6tni vagy megrendel\u00e9seket leadni. Ha el\u0151re megadod az adatokat, akkor a megrendel\u00e9sek oldal\u00e1n a fizet\u00e9sn\u00e9l m\u00e1r nem kell. Profiladatok kezel\u00e9se<\/p>\n","protected":false},"author":92,"featured_media":0,"parent":0,"menu_order":0,"comment_status":"closed","ping_status":"closed","template":"","meta":{"footnotes":""},"class_list":["post-28149","page","type-page","status-publish","hentry"],"_links":{"self":[{"href":"https:\/\/wakeupnetwork.hu\/my\/wp-json\/wp\/v2\/pages\/28149","targetHints":{"allow":["GET"]}}],"collection":[{"href":"https:\/\/wakeupnetwork.hu\/my\/wp-json\/wp\/v2\/pages"}],"about":[{"href":"https:\/\/wakeupnetwork.hu\/my\/wp-json\/wp\/v2\/types\/page"}],"author":[{"embeddable":true,"href":"https:\/\/wakeupnetwork.hu\/my\/wp-json\/wp\/v2\/users\/92"}],"replies":[{"embeddable":true,"href":"https:\/\/wakeupnetwork.hu\/my\/wp-json\/wp\/v2\/comments?post=28149"}],"version-history":[{"count":3,"href":"https:\/\/wakeupnetwork.hu\/my\/wp-json\/wp\/v2\/pages\/28149\/revisions"}],"predecessor-version":[{"id":28176,"href":"https:\/\/wakeupnetwork.hu\/my\/wp-json\/wp\/v2\/pages\/28149\/revisions\/28176"}],"wp:attachment":[{"href":"https:\/\/wakeupnetwork.hu\/my\/wp-json\/wp\/v2\/media?parent=28149"}],"curies":[{"name":"wp","href":"https:\/\/api.w.org\/{rel}","templated":true}]}}