{"id":28242,"date":"2026-05-01T08:13:13","date_gmt":"2026-05-01T06:13:13","guid":{"rendered":"https:\/\/wakeupnetwork.hu\/my\/?page_id=28242"},"modified":"2026-05-01T08:15:43","modified_gmt":"2026-05-01T06:15:43","slug":"letoltesek","status":"publish","type":"page","link":"https:\/\/wakeupnetwork.hu\/my\/letoltesek\/","title":{"rendered":"Let\u00f6lt\u00e9sek"},"content":{"rendered":"\t\t<div data-elementor-type=\"wp-page\" data-elementor-id=\"28242\" class=\"elementor elementor-28242\" data-elementor-post-type=\"page\">\n\t\t\t\t\t\t<section class=\"elementor-section elementor-top-section elementor-element elementor-element-6b6a3ba8 elementor-section-boxed elementor-section-height-default elementor-section-height-default\" data-id=\"6b6a3ba8\" data-element_type=\"section\" data-e-type=\"section\">\n\t\t\t\t\t\t<div class=\"elementor-container elementor-column-gap-no\">\n\t\t\t\t\t<div class=\"elementor-column elementor-col-100 elementor-top-column elementor-element elementor-element-4a9f8b4b\" data-id=\"4a9f8b4b\" data-element_type=\"column\" data-e-type=\"column\">\n\t\t\t<div class=\"elementor-widget-wrap elementor-element-populated\">\n\t\t\t\t\t\t<section class=\"elementor-section elementor-inner-section elementor-element elementor-element-3053f9e8 elementor-section-full_width elementor-section-height-default elementor-section-height-default\" data-id=\"3053f9e8\" data-element_type=\"section\" data-e-type=\"section\">\n\t\t\t\t\t\t<div class=\"elementor-container elementor-column-gap-no\">\n\t\t\t\t\t<div class=\"elementor-column elementor-col-50 elementor-inner-column elementor-element elementor-element-31c2723c\" data-id=\"31c2723c\" data-element_type=\"column\" data-e-type=\"column\" data-settings=\"{&quot;background_background&quot;:&quot;classic&quot;}\">\n\t\t\t<div class=\"elementor-widget-wrap elementor-element-populated\">\n\t\t\t\t\t\t<div class=\"elementor-element elementor-element-6ba15ddb elementor-widget-tablet__width-auto elementor-view-default elementor-widget elementor-widget-icon\" data-id=\"6ba15ddb\" data-element_type=\"widget\" data-e-type=\"widget\" data-widget_type=\"icon.default\">\n\t\t\t\t<div class=\"elementor-widget-container\">\n\t\t\t\t\t\t\t<div class=\"elementor-icon-wrapper\">\n\t\t\t<div class=\"elementor-icon\">\n\t\t\t<i aria-hidden=\"true\" class=\"fas fa-cloud-download-alt\"><\/i>\t\t\t<\/div>\n\t\t<\/div>\n\t\t\t\t\t\t<\/div>\n\t\t\t\t<\/div>\n\t\t\t\t<div class=\"elementor-element elementor-element-18eb9164 elementor-widget-tablet__width-auto elementor-widget elementor-widget-heading\" data-id=\"18eb9164\" data-element_type=\"widget\" data-e-type=\"widget\" data-widget_type=\"heading.default\">\n\t\t\t\t<div class=\"elementor-widget-container\">\n\t\t\t\t\t<h2 class=\"elementor-heading-title elementor-size-default\">Let\u00f6lt\u00e9sek<\/h2>\t\t\t\t<\/div>\n\t\t\t\t<\/div>\n\t\t\t\t<div class=\"elementor-element elementor-element-78f54cb elementor-widget elementor-widget-text-editor\" data-id=\"78f54cb\" data-element_type=\"widget\" data-e-type=\"widget\" data-widget_type=\"text-editor.default\">\n\t\t\t\t<div class=\"elementor-widget-container\">\n\t\t\t\t\t\t\t\t\t<p>Itt tal\u00e1lhatod a let\u00f6lthet\u0151 term\u00e9keidet, amiket m\u00e1r megv\u00e1s\u00e1rolt\u00e1l. Ezeket azok \u00e9rv\u00e9nyess\u00e9gi idej\u00fck\u00f6n \u00e9s let\u00f6lt\u00e9si korl\u00e1tjukon bel\u00fcl k\u00f6nnyed\u00e9n let\u00f6ltheted \u00e9s haszn\u00e1lhatod.<\/p>\t\t\t\t\t\t\t\t<\/div>\n\t\t\t\t<\/div>\n\t\t\t\t<div class=\"elementor-element elementor-element-76d80a97 elementor-align-justify elementor-widget elementor-widget-button\" data-id=\"76d80a97\" data-element_type=\"widget\" data-e-type=\"widget\" data-widget_type=\"button.default\">\n\t\t\t\t<div class=\"elementor-widget-container\">\n\t\t\t\t\t\t\t\t\t<div class=\"elementor-button-wrapper\">\n\t\t\t\t\t<a class=\"elementor-button elementor-button-link elementor-size-sm\" href=\"https:\/\/wakeupnetwork.hu\/my\/\">\n\t\t\t\t\t\t<span class=\"elementor-button-content-wrapper\">\n\t\t\t\t\t\t\t\t\t<span class=\"elementor-button-text\">Let\u00f6lthet\u0151 term\u00e9kek<\/span>\n\t\t\t\t\t<\/span>\n\t\t\t\t\t<\/a>\n\t\t\t\t<\/div>\n\t\t\t\t\t\t\t\t<\/div>\n\t\t\t\t<\/div>\n\t\t\t\t\t<\/div>\n\t\t<\/div>\n\t\t\t\t<div class=\"elementor-column elementor-col-50 elementor-inner-column elementor-element elementor-element-3395a4fe\" data-id=\"3395a4fe\" data-element_type=\"column\" data-e-type=\"column\">\n\t\t\t<div class=\"elementor-widget-wrap elementor-element-populated\">\n\t\t\t\t\t\t<div class=\"elementor-element elementor-element-305a9fbf elementor-widget elementor-widget-shortcode\" data-id=\"305a9fbf\" data-element_type=\"widget\" data-e-type=\"widget\" data-widget_type=\"shortcode.default\">\n\t\t\t\t<div class=\"elementor-widget-container\">\n\t\t\t\t\t\t\t<div class=\"elementor-shortcode\"><p>Jelentkezz be a let\u00f6lt\u00e9sekhez.<\/p><\/div>\n\t\t\t\t\t\t<\/div>\n\t\t\t\t<\/div>\n\t\t\t\t\t<\/div>\n\t\t<\/div>\n\t\t\t\t\t<\/div>\n\t\t<\/section>\n\t\t\t\t\t<\/div>\n\t\t<\/div>\n\t\t\t\t\t<\/div>\n\t\t<\/section>\n\t\t\t\t<\/div>\n\t\t","protected":false},"excerpt":{"rendered":"<p>Let\u00f6lt\u00e9sek Itt tal\u00e1lhatod a let\u00f6lthet\u0151 term\u00e9keidet, amiket m\u00e1r megv\u00e1s\u00e1rolt\u00e1l. Ezeket azok \u00e9rv\u00e9nyess\u00e9gi idej\u00fck\u00f6n \u00e9s let\u00f6lt\u00e9si korl\u00e1tjukon bel\u00fcl k\u00f6nnyed\u00e9n let\u00f6ltheted \u00e9s haszn\u00e1lhatod. Let\u00f6lthet\u0151 term\u00e9kek<\/p>\n","protected":false},"author":92,"featured_media":0,"parent":0,"menu_order":0,"comment_status":"closed","ping_status":"closed","template":"","meta":{"footnotes":""},"class_list":["post-28242","page","type-page","status-publish","hentry"],"_links":{"self":[{"href":"https:\/\/wakeupnetwork.hu\/my\/wp-json\/wp\/v2\/pages\/28242","targetHints":{"allow":["GET"]}}],"collection":[{"href":"https:\/\/wakeupnetwork.hu\/my\/wp-json\/wp\/v2\/pages"}],"about":[{"href":"https:\/\/wakeupnetwork.hu\/my\/wp-json\/wp\/v2\/types\/page"}],"author":[{"embeddable":true,"href":"https:\/\/wakeupnetwork.hu\/my\/wp-json\/wp\/v2\/users\/92"}],"replies":[{"embeddable":true,"href":"https:\/\/wakeupnetwork.hu\/my\/wp-json\/wp\/v2\/comments?post=28242"}],"version-history":[{"count":3,"href":"https:\/\/wakeupnetwork.hu\/my\/wp-json\/wp\/v2\/pages\/28242\/revisions"}],"predecessor-version":[{"id":28246,"href":"https:\/\/wakeupnetwork.hu\/my\/wp-json\/wp\/v2\/pages\/28242\/revisions\/28246"}],"wp:attachment":[{"href":"https:\/\/wakeupnetwork.hu\/my\/wp-json\/wp\/v2\/media?parent=28242"}],"curies":[{"name":"wp","href":"https:\/\/api.w.org\/{rel}","templated":true}]}}