{"id":13060,"date":"2024-01-14T13:40:05","date_gmt":"2024-01-14T11:40:05","guid":{"rendered":"https:\/\/wakeupnetwork.hu\/my\/?post_type=product&#038;p=13060"},"modified":"2026-04-07T13:53:40","modified_gmt":"2026-04-07T11:53:40","slug":"rendszeres-havi-teremberles","status":"publish","type":"product","link":"https:\/\/wakeupnetwork.hu\/my\/termek\/rendszeres-havi-teremberles\/","title":{"rendered":"Rendszeres havi teremb\u00e9rl\u00e9s"},"content":{"rendered":"","protected":false},"excerpt":{"rendered":"<p data-start=\"246\" data-end=\"502\">A <strong data-start=\"248\" data-end=\"265\">WakeUp St\u00fadi\u00f3<\/strong> rugalmas \u00e9s innovat\u00edv irodab\u00e9rleti megold\u00e1sokat k\u00edn\u00e1l kisv\u00e1llalkoz\u00f3k sz\u00e1m\u00e1ra \u2013 de n\u00e1lunk nem csup\u00e1n egy fizikai teret kapsz. Ez sokkal t\u00f6bb, mint egyszer\u0171 terem- vagy irodab\u00e9rl\u00e9s: n\u00e1lunk lehet\u0151s\u00e9ged van a v\u00e1llalkoz\u00e1sod fejleszt\u00e9s\u00e9re is.<\/p>\n<p data-start=\"504\" data-end=\"867\">A <strong data-start=\"506\" data-end=\"519\">My WakeUp<\/strong> \u00fcgyf\u00e9lfi\u00f3kon kereszt\u00fcl teljes m\u00e9rt\u00e9kben online int\u00e9zheted az irodab\u00e9rl\u00e9ssel kapcsolatos \u00f6sszes l\u00e9p\u00e9st \u2013 a szerz\u0151d\u00e9sk\u00f6t\u00e9st\u0151l kezdve eg\u00e9szen a termek lefoglal\u00e1s\u00e1ig. A rendszer\u00fcnk rugalmasan alkalmazkodik a v\u00e1llalkoz\u00e1sod aktu\u00e1lis ig\u00e9nyeihez: ha fizet\u00e9si neh\u00e9zs\u00e9ged ad\u00f3dik, vagy egy csendesebb h\u00f3napban nincs \u00fcgyfeled, el\u0151fizet\u00e9sedet sz\u00fcneteltetheted.<\/p>\n<p data-start=\"869\" data-end=\"1159\">A b\u00e9rl\u00e9s sor\u00e1n felhaszn\u00e1lhat\u00f3 \u00f3rasz\u00e1mokat nemcsak helyis\u00e9gb\u00e9rl\u00e9sre ford\u00edthatod, hanem p\u00e9ld\u00e1ul <strong data-start=\"963\" data-end=\"1005\">v\u00e1llalkoz\u00f3i inkub\u00e1ci\u00f3s foglalkoz\u00e1sokon<\/strong>, <strong data-start=\"1007\" data-end=\"1041\">egy\u00e9ni marketingtan\u00e1csad\u00e1sokon<\/strong> vagy m\u00e1s fejleszt\u0151 szolg\u00e1ltat\u00e1sokon is r\u00e9szt vehetsz \u2013 \u00edgy a b\u00e9rl\u00e9s val\u00f3di befektet\u00e9ss\u00e9 v\u00e1lik v\u00e1llalkoz\u00e1sod j\u00f6v\u0151j\u00e9be.<\/p>\n<p data-start=\"1161\" data-end=\"1470\">Az el\u0151fizet\u00e9s els\u0151 havid\u00edja tartalmaz egy <strong data-start=\"1203\" data-end=\"1263\">63.500 Ft-os regisztr\u00e1ci\u00f3s \u00e9s arculatba illeszt\u00e9si d\u00edjat<\/strong>, amelynek keret\u00e9ben r\u00e9szt vehetsz egy professzion\u00e1lis fot\u00f3z\u00e1son, \u00e9s szolg\u00e1ltat\u00e1said megjelennek a <strong data-start=\"1362\" data-end=\"1380\">WakeUp Network<\/strong> fel\u00fcletein. Tov\u00e1bbi publik\u00e1l\u00e1si lehet\u0151s\u00e9get a <strong data-start=\"1427\" data-end=\"1445\">WakeUp Magazin<\/strong> is biztos\u00edthat sz\u00e1modra.<\/p>\n","protected":false},"featured_media":26106,"template":"","meta":{"jetpack_post_was_ever_published":false},"product_brand":[],"product_cat":[254],"product_tag":[],"class_list":{"0":"post-13060","1":"product","2":"type-product","3":"status-publish","4":"has-post-thumbnail","6":"product_cat-studio","8":"first","9":"instock","10":"sold-individually","11":"taxable","12":"shipping-taxable","13":"purchasable","14":"product-type-variable"},"jetpack_sharing_enabled":true,"_links":{"self":[{"href":"https:\/\/wakeupnetwork.hu\/my\/wp-json\/wp\/v2\/product\/13060","targetHints":{"allow":["GET"]}}],"collection":[{"href":"https:\/\/wakeupnetwork.hu\/my\/wp-json\/wp\/v2\/product"}],"about":[{"href":"https:\/\/wakeupnetwork.hu\/my\/wp-json\/wp\/v2\/types\/product"}],"version-history":[{"count":1,"href":"https:\/\/wakeupnetwork.hu\/my\/wp-json\/wp\/v2\/product\/13060\/revisions"}],"predecessor-version":[{"id":27976,"href":"https:\/\/wakeupnetwork.hu\/my\/wp-json\/wp\/v2\/product\/13060\/revisions\/27976"}],"wp:featuredmedia":[{"embeddable":true,"href":"https:\/\/wakeupnetwork.hu\/my\/wp-json\/wp\/v2\/media\/26106"}],"wp:attachment":[{"href":"https:\/\/wakeupnetwork.hu\/my\/wp-json\/wp\/v2\/media?parent=13060"}],"wp:term":[{"taxonomy":"product_brand","embeddable":true,"href":"https:\/\/wakeupnetwork.hu\/my\/wp-json\/wp\/v2\/product_brand?post=13060"},{"taxonomy":"product_cat","embeddable":true,"href":"https:\/\/wakeupnetwork.hu\/my\/wp-json\/wp\/v2\/product_cat?post=13060"},{"taxonomy":"product_tag","embeddable":true,"href":"https:\/\/wakeupnetwork.hu\/my\/wp-json\/wp\/v2\/product_tag?post=13060"}],"curies":[{"name":"wp","href":"https:\/\/api.w.org\/{rel}","templated":true}]}}