{"id":13451,"date":"2024-02-02T17:29:49","date_gmt":"2024-02-02T15:29:49","guid":{"rendered":"https:\/\/wakeupnetwork.hu\/my\/?post_type=product&#038;p=13451"},"modified":"2024-03-22T09:26:20","modified_gmt":"2024-03-22T08:26:20","slug":"google-adsense-hirdetesmegjelenites","status":"publish","type":"product","link":"https:\/\/wakeupnetwork.hu\/my\/termek\/google-adsense-hirdetesmegjelenites\/","title":{"rendered":"Google AdSense hirdet\u00e9smegjelen\u00edt\u00e9s"},"content":{"rendered":"","protected":false},"excerpt":{"rendered":"<p>A honlapodon vagy blogodon megjelen\u0151 hirdet\u00e9sek <b>hat\u00e9kony m\u00f3dja a passz\u00edv j\u00f6vedelem gener\u00e1l\u00e1s\u00e1nak<\/b>. Be\u00e1ll\u00edt\u00e1sokt\u00f3l f\u00fcgg\u0151en a hirdet\u00e9sek automatikusan szem\u00e9lyre szabottan hirdet\u00e9seket jelennek meg a l\u00e1togat\u00f3knak, n\u00f6velve a kattint\u00e1sok \u00e9s a bev\u00e9telek lehet\u0151s\u00e9g\u00e9t. Tov\u00e1bb\u00e1 seg\u00edt a tartalom relevanci\u00e1j\u00e1nak n\u00f6vel\u00e9s\u00e9ben, mivel a hirdet\u00e9sek a oldal t\u00e9m\u00e1j\u00e1hoz igazodnak. A teljes szem\u00e9lyre szab\u00e1s jav\u00edthatja a felhaszn\u00e1l\u00f3i \u00e9lm\u00e9nyt \u00e9s n\u00f6velheti a l\u00e1togat\u00f3k el\u00e9gedetts\u00e9g\u00e9t.\u00a0A VMN ONE szolg\u00e1ltat\u00e1saival v\u00e1laszthatsz havid\u00edjas szolg\u00e1ltat\u00e1st vagy egyszeri be\u00e1ll\u00edt\u00e1st is.<\/p>\n","protected":false},"featured_media":13447,"template":"","meta":[],"product_brand":[],"product_cat":[230,228,232],"product_tag":[],"class_list":{"0":"post-13451","1":"product","2":"type-product","3":"status-publish","4":"has-post-thumbnail","6":"product_cat-hirdeteskezeles","7":"product_cat-prmarketing","8":"product_cat-webshop-es-honlapkeszites","10":"first","11":"instock","12":"taxable","13":"shipping-taxable","14":"purchasable","15":"product-type-variable"},"_links":{"self":[{"href":"https:\/\/wakeupnetwork.hu\/my\/wp-json\/wp\/v2\/product\/13451","targetHints":{"allow":["GET"]}}],"collection":[{"href":"https:\/\/wakeupnetwork.hu\/my\/wp-json\/wp\/v2\/product"}],"about":[{"href":"https:\/\/wakeupnetwork.hu\/my\/wp-json\/wp\/v2\/types\/product"}],"version-history":[{"count":0,"href":"https:\/\/wakeupnetwork.hu\/my\/wp-json\/wp\/v2\/product\/13451\/revisions"}],"wp:featuredmedia":[{"embeddable":true,"href":"https:\/\/wakeupnetwork.hu\/my\/wp-json\/wp\/v2\/media\/13447"}],"wp:attachment":[{"href":"https:\/\/wakeupnetwork.hu\/my\/wp-json\/wp\/v2\/media?parent=13451"}],"wp:term":[{"taxonomy":"product_brand","embeddable":true,"href":"https:\/\/wakeupnetwork.hu\/my\/wp-json\/wp\/v2\/product_brand?post=13451"},{"taxonomy":"product_cat","embeddable":true,"href":"https:\/\/wakeupnetwork.hu\/my\/wp-json\/wp\/v2\/product_cat?post=13451"},{"taxonomy":"product_tag","embeddable":true,"href":"https:\/\/wakeupnetwork.hu\/my\/wp-json\/wp\/v2\/product_tag?post=13451"}],"curies":[{"name":"wp","href":"https:\/\/api.w.org\/{rel}","templated":true}]}}