{"id":14766,"date":"2024-02-16T14:52:57","date_gmt":"2024-02-16T13:52:57","guid":{"rendered":"https:\/\/wakeupnetwork.hu\/my\/?post_type=product&#038;p=14766"},"modified":"2024-03-22T11:37:51","modified_gmt":"2024-03-22T10:37:51","slug":"korrektura-es-javitas","status":"publish","type":"product","link":"https:\/\/wakeupnetwork.hu\/my\/termek\/korrektura-es-javitas\/","title":{"rendered":"Korrekt\u00fara \u00e9s jav\u00edt\u00e1s"},"content":{"rendered":"","protected":false},"excerpt":{"rendered":"<p>Szakembereink arra specializ\u00e1l\u00f3dtak, hogy seg\u00edtsenek t\u00f6k\u00e9letes\u00edteni az \u00edrott anyagokat. Legyen sz\u00f3 ak\u00e1r egy szakdolgozatr\u00f3l, cikkr\u0151l, levelez\u00e9sr\u0151l, prezent\u00e1ci\u00f3r\u00f3l vagy b\u00e1rmi m\u00e1s elk\u00e9sz\u00fclt \u00edrott anyagokr\u00f3l, a VMN koll\u00e9g\u00e1i seg\u00edtenek, hogy a sz\u00f6vegeid t\u00f6k\u00e9letesen, magas min\u0151s\u00e9gben megfeleljenek a tartalmi \u00e9s egy\u00e9b elv\u00e1r\u00e1soknak \u00e9s b\u00fcszk\u00e9n k\u00e9pviselj\u00e9k v\u00e1llalkoz\u00e1sodat. Nem hagyjuk, hogy a helyes\u00edr\u00e1si vagy nyelvtani hib\u00e1k \u00e9s tartalmi pontatlans\u00e1gok elronts\u00e1k az \u00fczeneted \u00e9s ezzel egy\u00fctt az \u00fczletedet.<\/p>\n","protected":false},"featured_media":11067,"template":"","meta":{"jetpack_post_was_ever_published":false},"product_brand":[],"product_cat":[296,228],"product_tag":[],"class_list":{"0":"post-14766","1":"product","2":"type-product","3":"status-publish","4":"has-post-thumbnail","6":"product_cat-kiadvanytervezes","7":"product_cat-prmarketing","9":"first","10":"instock","11":"taxable","12":"shipping-taxable","13":"purchasable","14":"product-type-variable"},"jetpack_sharing_enabled":true,"_links":{"self":[{"href":"https:\/\/wakeupnetwork.hu\/my\/wp-json\/wp\/v2\/product\/14766","targetHints":{"allow":["GET"]}}],"collection":[{"href":"https:\/\/wakeupnetwork.hu\/my\/wp-json\/wp\/v2\/product"}],"about":[{"href":"https:\/\/wakeupnetwork.hu\/my\/wp-json\/wp\/v2\/types\/product"}],"version-history":[{"count":0,"href":"https:\/\/wakeupnetwork.hu\/my\/wp-json\/wp\/v2\/product\/14766\/revisions"}],"wp:featuredmedia":[{"embeddable":true,"href":"https:\/\/wakeupnetwork.hu\/my\/wp-json\/wp\/v2\/media\/11067"}],"wp:attachment":[{"href":"https:\/\/wakeupnetwork.hu\/my\/wp-json\/wp\/v2\/media?parent=14766"}],"wp:term":[{"taxonomy":"product_brand","embeddable":true,"href":"https:\/\/wakeupnetwork.hu\/my\/wp-json\/wp\/v2\/product_brand?post=14766"},{"taxonomy":"product_cat","embeddable":true,"href":"https:\/\/wakeupnetwork.hu\/my\/wp-json\/wp\/v2\/product_cat?post=14766"},{"taxonomy":"product_tag","embeddable":true,"href":"https:\/\/wakeupnetwork.hu\/my\/wp-json\/wp\/v2\/product_tag?post=14766"}],"curies":[{"name":"wp","href":"https:\/\/api.w.org\/{rel}","templated":true}]}}