{"id":18654,"date":"2024-06-18T11:34:24","date_gmt":"2024-06-18T09:34:24","guid":{"rendered":"https:\/\/wakeupnetwork.hu\/my\/?post_type=product&#038;p=18654"},"modified":"2025-03-24T14:09:25","modified_gmt":"2025-03-24T13:09:25","slug":"cikkoldal-hirdetes-wakeup-magazin","status":"publish","type":"product","link":"https:\/\/wakeupnetwork.hu\/my\/termek\/cikkoldal-hirdetes-wakeup-magazin\/","title":{"rendered":"Cikkoldal hirdet\u00e9s | WakeUp Magazin"},"content":{"rendered":"","protected":false},"excerpt":{"rendered":"<p>A WakeUp Magazin cikkoldalain megjelen\u0151 hirdet\u00e9sekn\u00e9l ez a kiemelt opci\u00f3 biztos\u00edtja, hogy az olvas\u00f3ink el\u0151sz\u00f6r a te hirdet\u00e9seddel tal\u00e1lkozzanak a cikkeink olvas\u00e1sa el\u0151tt. C\u00e9lunk, hogy \u00fcgyfeleink rugalmasan megtal\u00e1lj\u00e1k a sz\u00e1mukra megfelel\u0151 hirdet\u00e9si koncepci\u00f3t, \u00edgy bannereink a lehet\u0151 legjobb helyen ker\u00fclnek elhelyez\u00e9sre, hogy a lehet\u0151 legt\u00f6bb olvas\u00f3nkat \u00e9rhess\u00fck el vel\u00fck. <strong>A jelen oldalon kiv\u00e1lasztott hirdet\u00e9si bannerek rovatt\u00f3l f\u00fcggetlen\u00fcl minden cikkoldalon megjelennek!<\/strong><\/p>\n","protected":false},"featured_media":21172,"template":"","meta":{"jetpack_post_was_ever_published":false},"product_brand":[],"product_cat":[349,402],"product_tag":[406],"class_list":{"0":"post-18654","1":"product","2":"type-product","3":"status-publish","4":"has-post-thumbnail","6":"product_cat-mediaajanlat","7":"product_cat-wakeupmagazin","8":"product_tag-banner","10":"first","11":"instock","12":"taxable","13":"shipping-taxable","14":"purchasable","15":"product-type-variable"},"jetpack_sharing_enabled":true,"_links":{"self":[{"href":"https:\/\/wakeupnetwork.hu\/my\/wp-json\/wp\/v2\/product\/18654","targetHints":{"allow":["GET"]}}],"collection":[{"href":"https:\/\/wakeupnetwork.hu\/my\/wp-json\/wp\/v2\/product"}],"about":[{"href":"https:\/\/wakeupnetwork.hu\/my\/wp-json\/wp\/v2\/types\/product"}],"version-history":[{"count":0,"href":"https:\/\/wakeupnetwork.hu\/my\/wp-json\/wp\/v2\/product\/18654\/revisions"}],"wp:featuredmedia":[{"embeddable":true,"href":"https:\/\/wakeupnetwork.hu\/my\/wp-json\/wp\/v2\/media\/21172"}],"wp:attachment":[{"href":"https:\/\/wakeupnetwork.hu\/my\/wp-json\/wp\/v2\/media?parent=18654"}],"wp:term":[{"taxonomy":"product_brand","embeddable":true,"href":"https:\/\/wakeupnetwork.hu\/my\/wp-json\/wp\/v2\/product_brand?post=18654"},{"taxonomy":"product_cat","embeddable":true,"href":"https:\/\/wakeupnetwork.hu\/my\/wp-json\/wp\/v2\/product_cat?post=18654"},{"taxonomy":"product_tag","embeddable":true,"href":"https:\/\/wakeupnetwork.hu\/my\/wp-json\/wp\/v2\/product_tag?post=18654"}],"curies":[{"name":"wp","href":"https:\/\/api.w.org\/{rel}","templated":true}]}}