{"id":21175,"date":"2025-02-25T09:15:09","date_gmt":"2025-02-25T08:15:09","guid":{"rendered":"https:\/\/wakeupnetwork.hu\/my\/?post_type=product&#038;p=21175"},"modified":"2025-03-24T14:09:14","modified_gmt":"2025-03-24T13:09:14","slug":"fejlec-hirdetes-wakeup-magazin","status":"publish","type":"product","link":"https:\/\/wakeupnetwork.hu\/my\/termek\/fejlec-hirdetes-wakeup-magazin\/","title":{"rendered":"Fejl\u00e9c hirdet\u00e9s | WakeUp Magazin"},"content":{"rendered":"","protected":false},"excerpt":{"rendered":"<p>A WakeUp Magazin fejl\u00e9c\u00e9ben megjelen\u0151 hirdet\u00e9s a lehet\u0151 legt\u00f6bb olvas\u00f3t \u00e9ri el, ugyanis mind mobilon, tableten \u00e9s asztali g\u00e9peken is kiker\u00fclhetetlen helyen szerepelnek.\u00a0A megjelen\u00e9si id\u0151tartamot k\u00f6nnyed\u00e9n szabhatod v\u00e1llalkoz\u00e1sodra. C\u00e9lunk, hogy \u00fcgyfeleink rugalmasan megtal\u00e1lj\u00e1k a sz\u00e1mukra megfelel\u0151 hirdet\u00e9si koncepci\u00f3t, \u00edgy bannereink a lehet\u0151 legjobb helyen ker\u00fclnek elhelyez\u00e9sre, hogy a lehet\u0151 legt\u00f6bb olvas\u00f3nkat \u00e9rhess\u00fck el vel\u00fck. A jelen oldalon kiv\u00e1lasztott hirdet\u00e9si bannerek rovatt\u00f3l \u00e9s oldal tartalm\u00e1t\u00f3l f\u00fcggetlen\u00fcl minden cikkoldalon megjelennek! Ennek \u00e9rtelm\u00e9ben ez a hirdet\u00e9s egys\u00e9gesen megjelenik minden keres\u00e9si, technikai, nyerem\u00e9nyj\u00e1t\u00e9k \u00e9s egy\u00e9b oldal tetej\u00e9n az olvas\u00f3k eszk\u00f6zein.<\/p>\n","protected":false},"featured_media":21179,"template":"","meta":{"jetpack_post_was_ever_published":false},"product_brand":[],"product_cat":[349,402],"product_tag":[406],"class_list":{"0":"post-21175","1":"product","2":"type-product","3":"status-publish","4":"has-post-thumbnail","6":"product_cat-mediaajanlat","7":"product_cat-wakeupmagazin","8":"product_tag-banner","10":"first","11":"instock","12":"taxable","13":"shipping-taxable","14":"purchasable","15":"product-type-variable"},"jetpack_sharing_enabled":true,"_links":{"self":[{"href":"https:\/\/wakeupnetwork.hu\/my\/wp-json\/wp\/v2\/product\/21175","targetHints":{"allow":["GET"]}}],"collection":[{"href":"https:\/\/wakeupnetwork.hu\/my\/wp-json\/wp\/v2\/product"}],"about":[{"href":"https:\/\/wakeupnetwork.hu\/my\/wp-json\/wp\/v2\/types\/product"}],"version-history":[{"count":0,"href":"https:\/\/wakeupnetwork.hu\/my\/wp-json\/wp\/v2\/product\/21175\/revisions"}],"wp:featuredmedia":[{"embeddable":true,"href":"https:\/\/wakeupnetwork.hu\/my\/wp-json\/wp\/v2\/media\/21179"}],"wp:attachment":[{"href":"https:\/\/wakeupnetwork.hu\/my\/wp-json\/wp\/v2\/media?parent=21175"}],"wp:term":[{"taxonomy":"product_brand","embeddable":true,"href":"https:\/\/wakeupnetwork.hu\/my\/wp-json\/wp\/v2\/product_brand?post=21175"},{"taxonomy":"product_cat","embeddable":true,"href":"https:\/\/wakeupnetwork.hu\/my\/wp-json\/wp\/v2\/product_cat?post=21175"},{"taxonomy":"product_tag","embeddable":true,"href":"https:\/\/wakeupnetwork.hu\/my\/wp-json\/wp\/v2\/product_tag?post=21175"}],"curies":[{"name":"wp","href":"https:\/\/api.w.org\/{rel}","templated":true}]}}