{"id":21181,"date":"2025-02-25T09:42:15","date_gmt":"2025-02-25T08:42:15","guid":{"rendered":"https:\/\/wakeupnetwork.hu\/my\/?post_type=product&#038;p=21181"},"modified":"2025-03-24T14:09:01","modified_gmt":"2025-03-24T13:09:01","slug":"popup-hirdetes-wakeup-magazin","status":"publish","type":"product","link":"https:\/\/wakeupnetwork.hu\/my\/termek\/popup-hirdetes-wakeup-magazin\/","title":{"rendered":"PopUp hirdet\u00e9s | WakeUp Magazin"},"content":{"rendered":"","protected":false},"excerpt":{"rendered":"<p>A WakeUp Magazin oldal\u00e1nak bet\u00f6lt\u00e9se ut\u00e1n megjelen\u0151 felugr\u00f3 hirdet\u00e9s, amely eg\u00e9szen biztosan nem kiker\u00fclhet\u0151, hiszen az olvas\u00f3nak l\u00e1tnia kell a hirdet\u00e9st ahhoz, hogy eljusson a magazin fel\u00fclet\u00e9ig \u00e9s azt haszn\u00e1lni tudja. A megjelen\u00e9si id\u0151tartamot k\u00f6nnyed\u00e9n a v\u00e1llalkoz\u00e1sodra tudod szabni. C\u00e9lunk, hogy \u00fcgyfeleink rugalmasan megtal\u00e1lj\u00e1k a sz\u00e1mukra megfelel\u0151 hirdet\u00e9si koncepci\u00f3t, \u00edgy bannereink a lehet\u0151 legjobb helyen ker\u00fclnek elhelyez\u00e9sre, hogy a lehet\u0151 legt\u00f6bb olvas\u00f3nkat \u00e9rhess\u00fck el vel\u00fck. A jelen oldalon kiv\u00e1lasztott hirdet\u00e9si bannerek rovatt\u00f3l \u00e9s oldal form\u00e1t\u00f3l minden l\u00e1togat\u00f3 sz\u00e1m\u00e1ra aki a WakeUp Magazin oldalaira kattint c\u00e9lt\u00f3l f\u00fcggetlen\u00fcl minden cikkoldalon megjelennek!<\/p>\n","protected":false},"featured_media":21185,"template":"","meta":{"jetpack_post_was_ever_published":false},"product_brand":[],"product_cat":[349,402],"product_tag":[406],"class_list":{"0":"post-21181","1":"product","2":"type-product","3":"status-publish","4":"has-post-thumbnail","6":"product_cat-mediaajanlat","7":"product_cat-wakeupmagazin","8":"product_tag-banner","10":"first","11":"instock","12":"taxable","13":"shipping-taxable","14":"purchasable","15":"product-type-variable"},"jetpack_sharing_enabled":true,"_links":{"self":[{"href":"https:\/\/wakeupnetwork.hu\/my\/wp-json\/wp\/v2\/product\/21181","targetHints":{"allow":["GET"]}}],"collection":[{"href":"https:\/\/wakeupnetwork.hu\/my\/wp-json\/wp\/v2\/product"}],"about":[{"href":"https:\/\/wakeupnetwork.hu\/my\/wp-json\/wp\/v2\/types\/product"}],"version-history":[{"count":0,"href":"https:\/\/wakeupnetwork.hu\/my\/wp-json\/wp\/v2\/product\/21181\/revisions"}],"wp:featuredmedia":[{"embeddable":true,"href":"https:\/\/wakeupnetwork.hu\/my\/wp-json\/wp\/v2\/media\/21185"}],"wp:attachment":[{"href":"https:\/\/wakeupnetwork.hu\/my\/wp-json\/wp\/v2\/media?parent=21181"}],"wp:term":[{"taxonomy":"product_brand","embeddable":true,"href":"https:\/\/wakeupnetwork.hu\/my\/wp-json\/wp\/v2\/product_brand?post=21181"},{"taxonomy":"product_cat","embeddable":true,"href":"https:\/\/wakeupnetwork.hu\/my\/wp-json\/wp\/v2\/product_cat?post=21181"},{"taxonomy":"product_tag","embeddable":true,"href":"https:\/\/wakeupnetwork.hu\/my\/wp-json\/wp\/v2\/product_tag?post=21181"}],"curies":[{"name":"wp","href":"https:\/\/api.w.org\/{rel}","templated":true}]}}