{"id":21187,"date":"2025-02-25T10:00:43","date_gmt":"2025-02-25T09:00:43","guid":{"rendered":"https:\/\/wakeupnetwork.hu\/my\/?post_type=product&#038;p=21187"},"modified":"2025-03-24T14:08:50","modified_gmt":"2025-03-24T13:08:50","slug":"oldalsav-hirdetes-wakeup-magazin","status":"publish","type":"product","link":"https:\/\/wakeupnetwork.hu\/my\/termek\/oldalsav-hirdetes-wakeup-magazin\/","title":{"rendered":"Oldals\u00e1v hirdet\u00e9s | WakeUp Magazin"},"content":{"rendered":"","protected":false},"excerpt":{"rendered":"<p>A WakeUp Magazin cikkoldalain, valamint a rovatokn\u00e1l megjelen\u0151 hirdet\u00e9s kiv\u00e1l\u00f3 lehet\u0151s\u00e9get teremt arra, hogy az olvas\u00f3k tal\u00e1lkozzanak a hirdet\u00e9ssel. A fentieken t\u00fal minden keres\u00e9si, tag \u00e9s kateg\u00f3riaoldalon valamint szerz\u0151i adatlapon is megjelenik a hirdet\u00e9s! C\u00e9lunk, hogy \u00fcgyfeleink rugalmasan megtal\u00e1lj\u00e1k a sz\u00e1mukra megfelel\u0151 hirdet\u00e9si koncepci\u00f3t, \u00edgy bannereink a lehet\u0151 legjobb helyen ker\u00fclnek elhelyez\u00e9sre, hogy a lehet\u0151 legt\u00f6bb olvas\u00f3nkat \u00e9rhess\u00fck el vel\u00fck.<\/p>\n","protected":false},"featured_media":21171,"template":"","meta":{"jetpack_post_was_ever_published":false},"product_brand":[],"product_cat":[349,402],"product_tag":[406],"class_list":{"0":"post-21187","1":"product","2":"type-product","3":"status-publish","4":"has-post-thumbnail","6":"product_cat-mediaajanlat","7":"product_cat-wakeupmagazin","8":"product_tag-banner","10":"first","11":"instock","12":"taxable","13":"shipping-taxable","14":"purchasable","15":"product-type-variable"},"jetpack_sharing_enabled":true,"_links":{"self":[{"href":"https:\/\/wakeupnetwork.hu\/my\/wp-json\/wp\/v2\/product\/21187","targetHints":{"allow":["GET"]}}],"collection":[{"href":"https:\/\/wakeupnetwork.hu\/my\/wp-json\/wp\/v2\/product"}],"about":[{"href":"https:\/\/wakeupnetwork.hu\/my\/wp-json\/wp\/v2\/types\/product"}],"version-history":[{"count":0,"href":"https:\/\/wakeupnetwork.hu\/my\/wp-json\/wp\/v2\/product\/21187\/revisions"}],"wp:featuredmedia":[{"embeddable":true,"href":"https:\/\/wakeupnetwork.hu\/my\/wp-json\/wp\/v2\/media\/21171"}],"wp:attachment":[{"href":"https:\/\/wakeupnetwork.hu\/my\/wp-json\/wp\/v2\/media?parent=21187"}],"wp:term":[{"taxonomy":"product_brand","embeddable":true,"href":"https:\/\/wakeupnetwork.hu\/my\/wp-json\/wp\/v2\/product_brand?post=21187"},{"taxonomy":"product_cat","embeddable":true,"href":"https:\/\/wakeupnetwork.hu\/my\/wp-json\/wp\/v2\/product_cat?post=21187"},{"taxonomy":"product_tag","embeddable":true,"href":"https:\/\/wakeupnetwork.hu\/my\/wp-json\/wp\/v2\/product_tag?post=21187"}],"curies":[{"name":"wp","href":"https:\/\/api.w.org\/{rel}","templated":true}]}}