{"id":21195,"date":"2025-02-25T10:11:58","date_gmt":"2025-02-25T09:11:58","guid":{"rendered":"https:\/\/wakeupnetwork.hu\/my\/?post_type=product&#038;p=21195"},"modified":"2025-03-24T14:09:52","modified_gmt":"2025-03-24T13:09:52","slug":"pr-cikk-es-interju-wakeup-magazin","status":"publish","type":"product","link":"https:\/\/wakeupnetwork.hu\/my\/termek\/pr-cikk-es-interju-wakeup-magazin\/","title":{"rendered":"PR cikk \u00e9s interj\u00fa | WakeUp Magazin"},"content":{"rendered":"","protected":false},"excerpt":{"rendered":"<p>Ne hagyd, hogy a tartalomhi\u00e1ny g\u00e1tolja v\u00e1llalkoz\u00e1sod n\u00f6veked\u00e9s\u00e9t \u00e9s honlapod aktivit\u00e1s\u00e1t! Kreat\u00edv tartalomgy\u00e1rt\u00e1s keret\u00e9ben, k\u00fcl\u00f6nf\u00e9le blogbejegyz\u00e9sek, PR cikkek \u00e9s egy\u00e9b \u00edr\u00e1sok k\u00e9sz\u00edt\u00e9s\u00e9t, valamint interj\u00fak teljesk\u00f6r\u0171 lebonyol\u00edt\u00e1s\u00e1t v\u00e1llaljuk. Csapatunk profi \u00e9s tapasztalt \u00edr\u00f3kb\u00f3l \u00e9s interj\u00fak\u00e9sz\u00edt\u0151kb\u0151l \u00e1ll, akik garant\u00e1lj\u00e1k a min\u0151s\u00e9gi \u00e9s egyedi tartalmak l\u00e9trehoz\u00e1s\u00e1t. Rugalmas megk\u00f6zel\u00edt\u00e9s\u00fcnknek k\u00f6sz\u00f6nhet\u0151en szem\u00e9lyre szabott tartalmakat biztos\u00edtunk minden \u00fcgyfel\u00fcnknek, \u00e9s teljes k\u00f6r\u0171 t\u00e1mogat\u00e1st ny\u00fajtunk az eg\u00e9sz folyamat sor\u00e1n. <strong>Melyeket ak\u00e1r f\u0151oldali kiemel\u00e9ssel, k\u00f6z\u00f6ss\u00e9gi m\u00e9dia megoszt\u00e1ssal \u00e9s megjel\u00f6l\u00e9ssel, valamint linkel\u00e9ssel l\u00e1tjuk el \u00e9s tessz\u00fck k\u00f6zz\u00e9 a WakeUp Magazin oldalain.<\/strong><\/p>\n","protected":false},"featured_media":21170,"template":"","meta":{"jetpack_post_was_ever_published":false},"product_brand":[],"product_cat":[349,402],"product_tag":[407],"class_list":{"0":"post-21195","1":"product","2":"type-product","3":"status-publish","4":"has-post-thumbnail","6":"product_cat-mediaajanlat","7":"product_cat-wakeupmagazin","8":"product_tag-pr-cikk","10":"first","11":"instock","12":"taxable","13":"shipping-taxable","14":"purchasable","15":"product-type-variable"},"jetpack_sharing_enabled":true,"_links":{"self":[{"href":"https:\/\/wakeupnetwork.hu\/my\/wp-json\/wp\/v2\/product\/21195","targetHints":{"allow":["GET"]}}],"collection":[{"href":"https:\/\/wakeupnetwork.hu\/my\/wp-json\/wp\/v2\/product"}],"about":[{"href":"https:\/\/wakeupnetwork.hu\/my\/wp-json\/wp\/v2\/types\/product"}],"version-history":[{"count":0,"href":"https:\/\/wakeupnetwork.hu\/my\/wp-json\/wp\/v2\/product\/21195\/revisions"}],"wp:featuredmedia":[{"embeddable":true,"href":"https:\/\/wakeupnetwork.hu\/my\/wp-json\/wp\/v2\/media\/21170"}],"wp:attachment":[{"href":"https:\/\/wakeupnetwork.hu\/my\/wp-json\/wp\/v2\/media?parent=21195"}],"wp:term":[{"taxonomy":"product_brand","embeddable":true,"href":"https:\/\/wakeupnetwork.hu\/my\/wp-json\/wp\/v2\/product_brand?post=21195"},{"taxonomy":"product_cat","embeddable":true,"href":"https:\/\/wakeupnetwork.hu\/my\/wp-json\/wp\/v2\/product_cat?post=21195"},{"taxonomy":"product_tag","embeddable":true,"href":"https:\/\/wakeupnetwork.hu\/my\/wp-json\/wp\/v2\/product_tag?post=21195"}],"curies":[{"name":"wp","href":"https:\/\/api.w.org\/{rel}","templated":true}]}}