{"id":24339,"date":"2025-06-10T20:55:04","date_gmt":"2025-06-10T18:55:04","guid":{"rendered":"https:\/\/wakeupnetwork.hu\/my\/?post_type=product&#038;p=24339"},"modified":"2025-06-22T18:03:30","modified_gmt":"2025-06-22T16:03:30","slug":"vendeglato","status":"publish","type":"product","link":"https:\/\/wakeupnetwork.hu\/my\/termek\/vendeglato\/","title":{"rendered":"Vend\u00e9gl\u00e1t\u00f3s marketing aj\u00e1nlatok"},"content":{"rendered":"<p data-start=\"568\" data-end=\"1151\">Ahogy nincs k\u00e9t egyforma fog\u00e1s, \u00fagy nincs k\u00e9t ugyanolyan vend\u00e9gl\u00e1t\u00f3hely sem. Lehet, hogy neked egy letisztult, m\u00e9gis karakteres weboldalra van sz\u00fcks\u00e9ged, ami m\u00e1r az els\u0151 pillanatban megh\u00edv\u00f3k\u00e9nt hat, \u00e9s \u00e1tadja a helyed egyedi atmoszf\u00e9r\u00e1j\u00e1t. Vagy egy olyan online foglal\u00e1si rendszerre, ami egyszer\u0171v\u00e9 \u00e9s g\u00f6rd\u00fcl\u00e9kenny\u00e9 teszi a vend\u00e9gek \u00e9rkez\u00e9s\u00e9t. Tal\u00e1n a s\u00e9f vagy, aki nemcsak f\u0151z, hanem mes\u00e9l is \u2013 csak kell valaki, aki szavakba \u00f6nti ezt a t\u00f6rt\u00e9netet. Vagy \u00e9pp most nyitsz, \u00e9s szeretn\u00e9d, hogy a m\u00e1rk\u00e1dat m\u00e1r az els\u0151 benyom\u00e1s is t\u00fckr\u00f6zze: profizmus, st\u00edlus, vend\u00e9gszeretet.<\/p>\n<p data-start=\"1153\" data-end=\"1592\">Ez egy val\u00f3di csomagaj\u00e1nlat, de nem sablon, hanem egy n\u00e1lad, a te helyedhez \u00e9s st\u00edlusodhoz igaz\u00edtott marketingrecept. Nem aj\u00e1nlunk f\u00f6l\u00f6sleges kamp\u00e1nyokat, ha nincs m\u00f6g\u00f6tt\u00fck val\u00f3di t\u00f6rt\u00e9net. Nem er\u0151ltet\u00fcnk k\u00f6z\u00f6ss\u00e9gi m\u00e9di\u00e1t, ha a vend\u00e9geid a szem\u00e9lyes \u00e9lm\u00e9nyt keresik ink\u00e1bb. De ha van egy helyed, amit szeretn\u00e9l megmutatni, amit b\u00fcszk\u00e9n v\u00e1llalsz, akkor minden m\u00e1st hozz\u00e1 tudunk tenni: vizu\u00e1lis arculatot, sz\u00f6veget, rendszereket, strat\u00e9gi\u00e1t.<\/p>\n<p data-start=\"1594\" data-end=\"1689\">Ez egy testreszabhat\u00f3 marketingcsomag vend\u00e9gl\u00e1t\u00f3soknak \u2013 \u00e9s te d\u00f6nt\u00f6d el, mit szeretn\u00e9l bel\u0151le.<\/p>\n","protected":false},"excerpt":{"rendered":"<p>Te nemcsak \u00e9teleket \u00e9s italokat k\u00edn\u00e1lsz \u2013 te \u00e9lm\u00e9nyeket teremtessz, hangulatot, egy helyet, ahol j\u00f3 lenni. A marketing pedig nem m\u00e1s, mint az a finom recept, amivel ezt az \u00e9rz\u00e9st \u00e1tadjuk azoknak is, akik m\u00e9g nem j\u00e1rtak n\u00e1lad. V\u00e1laszd ki, mire van igaz\u00e1n sz\u00fcks\u00e9ged, \u00e9s engedd, hogy a kommunik\u00e1ci\u00f3d olyan term\u00e9szetesen \u00e9p\u00fclj\u00f6n fel, mint egy t\u00f6k\u00e9letesre hangolt \u00e9tel a konyh\u00e1dban.<\/p>\n","protected":false},"featured_media":24745,"template":"","meta":{"jetpack_post_was_ever_published":false},"product_brand":[],"product_cat":[412],"product_tag":[],"class_list":{"0":"post-24339","1":"product","2":"type-product","3":"status-publish","4":"has-post-thumbnail","6":"product_cat-marketing-csomagok","8":"first","9":"instock","10":"taxable","11":"shipping-taxable","12":"purchasable","13":"product-type-variable"},"jetpack_sharing_enabled":true,"_links":{"self":[{"href":"https:\/\/wakeupnetwork.hu\/my\/wp-json\/wp\/v2\/product\/24339","targetHints":{"allow":["GET"]}}],"collection":[{"href":"https:\/\/wakeupnetwork.hu\/my\/wp-json\/wp\/v2\/product"}],"about":[{"href":"https:\/\/wakeupnetwork.hu\/my\/wp-json\/wp\/v2\/types\/product"}],"version-history":[{"count":0,"href":"https:\/\/wakeupnetwork.hu\/my\/wp-json\/wp\/v2\/product\/24339\/revisions"}],"wp:featuredmedia":[{"embeddable":true,"href":"https:\/\/wakeupnetwork.hu\/my\/wp-json\/wp\/v2\/media\/24745"}],"wp:attachment":[{"href":"https:\/\/wakeupnetwork.hu\/my\/wp-json\/wp\/v2\/media?parent=24339"}],"wp:term":[{"taxonomy":"product_brand","embeddable":true,"href":"https:\/\/wakeupnetwork.hu\/my\/wp-json\/wp\/v2\/product_brand?post=24339"},{"taxonomy":"product_cat","embeddable":true,"href":"https:\/\/wakeupnetwork.hu\/my\/wp-json\/wp\/v2\/product_cat?post=24339"},{"taxonomy":"product_tag","embeddable":true,"href":"https:\/\/wakeupnetwork.hu\/my\/wp-json\/wp\/v2\/product_tag?post=24339"}],"curies":[{"name":"wp","href":"https:\/\/api.w.org\/{rel}","templated":true}]}}