{"id":25159,"date":"2025-06-11T04:58:36","date_gmt":"2025-06-11T02:58:36","guid":{"rendered":"https:\/\/wakeupnetwork.hu\/my\/?post_type=product&#038;p=25159"},"modified":"2025-06-22T18:01:52","modified_gmt":"2025-06-22T16:01:52","slug":"mentalhigiene","status":"publish","type":"product","link":"https:\/\/wakeupnetwork.hu\/my\/termek\/mentalhigiene\/","title":{"rendered":"Ment\u00e1lhigi\u00e9n\u00e9 marketing aj\u00e1nlatok"},"content":{"rendered":"<p data-start=\"522\" data-end=\"1108\">Ahogy egy ter\u00e1pi\u00e1s \u00fcl\u00e9s nem ism\u00e9telhet\u0151 meg sablonosan, \u00fagy a te szakmai jelenl\u00e9ted sem lehet sematikus. Lehet, hogy egy megnyugtat\u00f3 honlapra van sz\u00fcks\u00e9ged, ami m\u00e1r az els\u0151 pillanatban megteremti azt a teret, ahol az \u00fcgyfelek biztons\u00e1gban \u00e9rzik magukat. Vagy egy egyedi m\u00e1rkakommunik\u00e1ci\u00f3ra, amely finoman, de egy\u00e9rtelm\u0171en mutatja meg, hogy ki vagy \u00e9s miben hiszel \u2013 an\u00e9lk\u00fcl, hogy tolakod\u00f3 lenne. Tal\u00e1n sok \u00e9ved van m\u00e1r m\u00f6g\u00f6tted, de nem tal\u00e1ltad meg a hangod a digit\u00e1lis t\u00e9rben. Vagy most kezdesz, \u00e9s szeretn\u00e9d, ha az els\u0151 benyom\u00e1s nem csup\u00e1n inform\u00e1ci\u00f3 lenne, hanem \u00e9lm\u00e9ny.<\/p>\n<p data-start=\"1110\" data-end=\"1530\">Ez a csomagaj\u00e1nlat nem k\u00e9sz receptk\u00f6nyv: te v\u00e1lasztod ki, mely elemeket \u00e9p\u00edtj\u00fck be. Nem er\u0151ltet\u00fcnk blogot, ha az nem te vagy. Nem hajtunk kamp\u00e1nyokat, ha a legfontosabb aj\u00e1nl\u00e1s a szem\u00e9lyes tal\u00e1lkoz\u00e1s. De ha megvan a szakmai m\u00e9lys\u00e9ged, \u00e9s szeretn\u00e9d, hogy a vil\u00e1g ezt l\u00e1ssa, hallja \u00e9s \u00e9rezze, akkor mi seg\u00edt\u00fcnk hozz\u00e1 az arculathoz, a sz\u00f6veghez, az eszk\u00f6z\u00f6kh\u00f6z \u00e9s a strat\u00e9gi\u00e1hoz. Pont annyit, amennyire neked sz\u00fcks\u00e9ged van.<\/p>\n<p data-start=\"1532\" data-end=\"1674\">Ez nem sablon, hanem egy szem\u00e9lyre szabott, l\u00e9lekhez sz\u00f3l\u00f3 marketingcsomag ment\u00e1lhigi\u00e9n\u00e9s szakembereknek \u2013 te szabod meg, hogyan mutatkozz be.<\/p>\n","protected":false},"excerpt":{"rendered":"<p>Te nem csak seg\u00edtesz \u2013 te meg\u00e9rtesz, meghallgatsz, t\u00e1mogatsz. A marketing pedig nem m\u00e1s, mint a te \u00fczeneted hiteles, \u00e9rz\u00e9keny megfogalmaz\u00e1sa azok sz\u00e1m\u00e1ra, akik r\u00e1d v\u00e1rnak. V\u00e1laszd ki, mire van igaz\u00e1n sz\u00fcks\u00e9ged, \u00e9s engedd, hogy a kommunik\u00e1ci\u00f3d \u00fagy \u00e9p\u00fclj\u00f6n fel, mint egy bizalmi kapcsolat: lassan, szil\u00e1rdan, m\u00e9lyen.<\/p>\n","protected":false},"featured_media":25565,"template":"","meta":{"jetpack_post_was_ever_published":false},"product_brand":[],"product_cat":[412],"product_tag":[],"class_list":{"0":"post-25159","1":"product","2":"type-product","3":"status-publish","4":"has-post-thumbnail","6":"product_cat-marketing-csomagok","8":"first","9":"instock","10":"taxable","11":"shipping-taxable","12":"purchasable","13":"product-type-variable"},"jetpack_sharing_enabled":true,"_links":{"self":[{"href":"https:\/\/wakeupnetwork.hu\/my\/wp-json\/wp\/v2\/product\/25159","targetHints":{"allow":["GET"]}}],"collection":[{"href":"https:\/\/wakeupnetwork.hu\/my\/wp-json\/wp\/v2\/product"}],"about":[{"href":"https:\/\/wakeupnetwork.hu\/my\/wp-json\/wp\/v2\/types\/product"}],"version-history":[{"count":0,"href":"https:\/\/wakeupnetwork.hu\/my\/wp-json\/wp\/v2\/product\/25159\/revisions"}],"wp:featuredmedia":[{"embeddable":true,"href":"https:\/\/wakeupnetwork.hu\/my\/wp-json\/wp\/v2\/media\/25565"}],"wp:attachment":[{"href":"https:\/\/wakeupnetwork.hu\/my\/wp-json\/wp\/v2\/media?parent=25159"}],"wp:term":[{"taxonomy":"product_brand","embeddable":true,"href":"https:\/\/wakeupnetwork.hu\/my\/wp-json\/wp\/v2\/product_brand?post=25159"},{"taxonomy":"product_cat","embeddable":true,"href":"https:\/\/wakeupnetwork.hu\/my\/wp-json\/wp\/v2\/product_cat?post=25159"},{"taxonomy":"product_tag","embeddable":true,"href":"https:\/\/wakeupnetwork.hu\/my\/wp-json\/wp\/v2\/product_tag?post=25159"}],"curies":[{"name":"wp","href":"https:\/\/api.w.org\/{rel}","templated":true}]}}