{"id":27769,"date":"2026-04-01T21:11:07","date_gmt":"2026-04-01T19:11:07","guid":{"rendered":"https:\/\/wakeupnetwork.hu\/my\/?post_type=product&#038;p=27769"},"modified":"2026-04-04T17:34:57","modified_gmt":"2026-04-04T15:34:57","slug":"vallalkozoi-inkubacio","status":"publish","type":"product","link":"https:\/\/wakeupnetwork.hu\/my\/termek\/vallalkozoi-inkubacio\/","title":{"rendered":"V\u00e1llalkoz\u00f3i inkub\u00e1ci\u00f3"},"content":{"rendered":"<p>A v\u00e1llalkoz\u00f3i inkub\u00e1ci\u00f3 c\u00e9lja, hogy a v\u00e1llalkoz\u00f3k megfizethet\u0151 \u00e1ron saj\u00e1t\u00edthass\u00e1k el a v\u00e1llalkoz\u00e1si alapismereteket, melyekre a v\u00e1llalkoz\u00e1suk digit\u00e1lis m\u0171k\u00f6d\u00e9se sor\u00e1n sz\u00fcks\u00e9g\u00fck lehet. A foglalkoz\u00e1sok nem vezetettek, hanem minden r\u00e9sztvev\u0151 a saj\u00e1t k\u00e9rd\u00e9seivel \u00e9rkezik, melyeket a foglalkoz\u00e1s sor\u00e1n megosztott k\u00e9perny\u0151vel feltehet, bemutathat \u00e9s a foglalkoz\u00e1svezet\u0151 v\u00e1laszol azokra. Itt lehet sz\u00f3 ak\u00e1r WordPress honlapokr\u00f3l, h\u00edrlev\u00e9l-\u00f6sszekapcsol\u00e1sokr\u00f3l, vagy m\u00e1s egy\u00e9b v\u00e1llalatir\u00e1ny\u00edt\u00e1si rendszer m\u0171k\u00f6d\u00e9s\u00e9r\u0151l, melyek szerepelnek a list\u00e1ban.<\/p>\n","protected":false},"excerpt":{"rendered":"<p>Kezd\u0151 v\u00e1llalkoz\u00f3 vagy? Most ind\u00edtod az els\u0151 \u00fczleted? Akkor a v\u00e1llalkoz\u00f3i inkub\u00e1ci\u00f3kat neked tal\u00e1ltuk ki! Itt megismerkedhetsz hozz\u00e1d hasonl\u00f3 v\u00e1llalkoz\u00f3kkal, elmondhatod az elakad\u00e1said \u00e9s csoportvezet\u0151nkkel k\u00f6z\u00f6sen keres\u00fcnk megold\u00e1st a probl\u00e9m\u00e1idra!<\/p>\n","protected":false},"featured_media":13766,"template":"","meta":{"jetpack_post_was_ever_published":false},"product_brand":[],"product_cat":[420,421],"product_tag":[],"class_list":{"0":"post-27769","1":"product","2":"type-product","3":"status-publish","4":"has-post-thumbnail","6":"product_cat-esemeny","7":"product_cat-inkubacio","9":"first","10":"instock","11":"virtual","12":"taxable","13":"purchasable","14":"product-type-simple"},"jetpack_sharing_enabled":true,"_links":{"self":[{"href":"https:\/\/wakeupnetwork.hu\/my\/wp-json\/wp\/v2\/product\/27769","targetHints":{"allow":["GET"]}}],"collection":[{"href":"https:\/\/wakeupnetwork.hu\/my\/wp-json\/wp\/v2\/product"}],"about":[{"href":"https:\/\/wakeupnetwork.hu\/my\/wp-json\/wp\/v2\/types\/product"}],"version-history":[{"count":4,"href":"https:\/\/wakeupnetwork.hu\/my\/wp-json\/wp\/v2\/product\/27769\/revisions"}],"predecessor-version":[{"id":27854,"href":"https:\/\/wakeupnetwork.hu\/my\/wp-json\/wp\/v2\/product\/27769\/revisions\/27854"}],"wp:featuredmedia":[{"embeddable":true,"href":"https:\/\/wakeupnetwork.hu\/my\/wp-json\/wp\/v2\/media\/13766"}],"wp:attachment":[{"href":"https:\/\/wakeupnetwork.hu\/my\/wp-json\/wp\/v2\/media?parent=27769"}],"wp:term":[{"taxonomy":"product_brand","embeddable":true,"href":"https:\/\/wakeupnetwork.hu\/my\/wp-json\/wp\/v2\/product_brand?post=27769"},{"taxonomy":"product_cat","embeddable":true,"href":"https:\/\/wakeupnetwork.hu\/my\/wp-json\/wp\/v2\/product_cat?post=27769"},{"taxonomy":"product_tag","embeddable":true,"href":"https:\/\/wakeupnetwork.hu\/my\/wp-json\/wp\/v2\/product_tag?post=27769"}],"curies":[{"name":"wp","href":"https:\/\/api.w.org\/{rel}","templated":true}]}}