{"id":27797,"date":"2026-04-02T02:29:56","date_gmt":"2026-04-02T00:29:56","guid":{"rendered":"https:\/\/wakeupnetwork.hu\/my\/?post_type=product&#038;p=27797"},"modified":"2026-04-30T21:54:01","modified_gmt":"2026-04-30T19:54:01","slug":"vallalkozoi-karacsony","status":"publish","type":"product","link":"https:\/\/wakeupnetwork.hu\/my\/termek\/vallalkozoi-karacsony\/","title":{"rendered":"V\u00e1llalkoz\u00f3i kar\u00e1csony"},"content":{"rendered":"<div class=\"xdj266r x14z9mp xat24cr x1lziwak x1vvkbs\">Kar\u00e1csony az az id\u0151szak az \u00e9vben, amikor akarva vagy akaratlanul is h\u00e1l\u00e1val telik meg a sz\u00edv\u00fcnk. Tal\u00e1n a v\u00e1ros f\u00e9nyei miatt vagy a klasszikus zen\u00e9k miatt, de ilyenkor egyszer\u0171en \u00fcnnepelni t\u00e1mad kedv\u00fcnk. Tarts vel\u00fcnk az \u00e9v utols\u00f3 <strong>WakeUp Fellowship<\/strong> esem\u00e9ny\u00e9n \u00e9s \u00fcnnepeld vel\u00fcnk \u00fczleti sikereidet egy kellemes hangulat\u00fa vacsor\u00e1n a belv\u00e1rosban.<\/div>\n<div><\/div>\n<div class=\"xdj266r x14z9mp xat24cr x1lziwak x1vvkbs\">Az este sor\u00e1n biztosan tal\u00e1lkozhatsz hozz\u00e1d hasonl\u00f3 m\u00f3don gondolkoz\u00f3 v\u00e1llalkoz\u00f3kkal, finom \u00edzekkel, meglepet\u00e9s programmal \u00e9s mindemellett hatalmas inspir\u00e1ci\u00f3val, amely eg\u00e9szen 2027-ig v\u00e9g\u00e9ig elk\u00eds\u00e9r majd.<\/div>\n<div><\/div>\n<div class=\"xdj266r x14z9mp xat24cr x1lziwak x1vvkbs\"><strong>Egy\u00e9ni v\u00e1llalkoz\u00f3k\u00e9nt neh\u00e9z v\u00e1llalati kar\u00e1csonyi bulit szervezni, de a WakeUp csapat\u00e1val ez nem lehetetlen.<\/strong> Vedd meg jegyedet \u00e9s t\u00f6lts el vel\u00fcnk egy igaz\u00e1n meghitt kar\u00e1csonyi est\u00e9t, amely k\u00f6zben b\u0151v\u00edtheted ismerets\u00e9gi k\u00f6r\u00f6det.<\/div>\n<div><\/div>\n<h2 class=\"x14z9mp xat24cr x1lziwak x1vvkbs xtlvy1s\">R\u00e9szletes programok<\/h2>\n<p>hamarosan<\/p>\n","protected":false},"excerpt":{"rendered":"<p>Egy\u00e9ni v\u00e1llalkoz\u00f3k\u00e9nt nincsen c\u00e9ges kar\u00e1csony. Id\u00e9n \u00e9v elej\u00e9n havi egy d\u00edjmentes, online v\u00e1llalkoz\u00f3i kapcsolat\u00e9p\u00edt\u0151 esem\u00e9nyt hirdett\u00fcnk, amit egy szem\u00e9lyes v\u00e1llalkoz\u00f3i kar\u00e1csonnyal koron\u00e1zunk meg.<\/p>\n","protected":false},"featured_media":27802,"template":"","meta":[],"product_brand":[],"product_cat":[202],"product_tag":[],"class_list":{"0":"post-27797","1":"product","2":"type-product","3":"status-publish","4":"has-post-thumbnail","6":"product_cat-fellowship","8":"first","9":"instock","10":"virtual","11":"taxable","12":"purchasable","13":"product-type-simple"},"_links":{"self":[{"href":"https:\/\/wakeupnetwork.hu\/my\/wp-json\/wp\/v2\/product\/27797","targetHints":{"allow":["GET"]}}],"collection":[{"href":"https:\/\/wakeupnetwork.hu\/my\/wp-json\/wp\/v2\/product"}],"about":[{"href":"https:\/\/wakeupnetwork.hu\/my\/wp-json\/wp\/v2\/types\/product"}],"version-history":[{"count":1,"href":"https:\/\/wakeupnetwork.hu\/my\/wp-json\/wp\/v2\/product\/27797\/revisions"}],"predecessor-version":[{"id":27798,"href":"https:\/\/wakeupnetwork.hu\/my\/wp-json\/wp\/v2\/product\/27797\/revisions\/27798"}],"wp:featuredmedia":[{"embeddable":true,"href":"https:\/\/wakeupnetwork.hu\/my\/wp-json\/wp\/v2\/media\/27802"}],"wp:attachment":[{"href":"https:\/\/wakeupnetwork.hu\/my\/wp-json\/wp\/v2\/media?parent=27797"}],"wp:term":[{"taxonomy":"product_brand","embeddable":true,"href":"https:\/\/wakeupnetwork.hu\/my\/wp-json\/wp\/v2\/product_brand?post=27797"},{"taxonomy":"product_cat","embeddable":true,"href":"https:\/\/wakeupnetwork.hu\/my\/wp-json\/wp\/v2\/product_cat?post=27797"},{"taxonomy":"product_tag","embeddable":true,"href":"https:\/\/wakeupnetwork.hu\/my\/wp-json\/wp\/v2\/product_tag?post=27797"}],"curies":[{"name":"wp","href":"https:\/\/api.w.org\/{rel}","templated":true}]}}