{"id":27844,"date":"2026-04-03T17:17:25","date_gmt":"2026-04-03T15:17:25","guid":{"rendered":"https:\/\/wakeupnetwork.hu\/my\/?post_type=product&#038;p=27844"},"modified":"2026-04-04T01:28:13","modified_gmt":"2026-04-03T23:28:13","slug":"wakeup-meetup-online-vallalkozoi-networking","status":"publish","type":"product","link":"https:\/\/wakeupnetwork.hu\/my\/termek\/wakeup-meetup-online-vallalkozoi-networking\/","title":{"rendered":"WakeUp MeetUp &#8211; online v\u00e1llalkoz\u00f3i networking"},"content":{"rendered":"<div class=\"xdj266r x14z9mp xat24cr x1lziwak x1vvkbs\">Id\u00e9n \u00e9v elej\u00e9n k\u00edv\u00e1ncsis\u00e1gb\u00f3l bedobtunk egy gondolatot az egyik v\u00e1llalkoz\u00f3i csoportunkba: <strong>mi lenne, ha csin\u00e1ln\u00e1nk egy d\u00edjmentes v\u00e1llalkoz\u00f3i MeetUp-ot? <\/strong>Sokan r\u00e1nyomtatok, sokan \u00edrt\u00e1tok, hogy j\u00f6nn\u00e9tek &#8211; ami\u00e9rt t\u00e9nyleg h\u00e1l\u00e1s vagyok. \u00cdgy az els\u0151 alkalom alapj\u00e1n eld\u0151lt: <strong>ez nem egyszeri tal\u00e1lkoz\u00f3 lesz. <\/strong><strong>Id\u00e9n minden h\u00f3nap 3. cs\u00fct\u00f6rt\u00f6k\u00e9n tal\u00e1lkozunk.<\/strong> Az esem\u00e9ny nyilv\u00e1nos, \u00edgy minden v\u00e1llalkoz\u00f3t, vagy v\u00e1llalkoz\u00e1s ind\u00edt\u00e1s el\u0151tt \u00e1ll\u00f3t \u00f6r\u00f6mmel v\u00e1runk.<\/div>\n<div><\/div>\n<div class=\"x14z9mp xat24cr x1lziwak x1vvkbs xtlvy1s\">Ennek az eg\u00e9sznek egyetlen c\u00e9lja van, hogy k\u00f6zelebb hozzuk egym\u00e1shoz a v\u00e1llalkoz\u00f3kat. Mert a v\u00e1llalkoz\u00f3i l\u00e9t sokszor mag\u00e1nyos. D\u00f6nt\u00e9sekkel, bizonytalans\u00e1ggal, \u00fcgyf\u00e9lszerz\u00e9ssel, felel\u0151ss\u00e9ggel, \u00e9s k\u00f6zben ritk\u00e1n van t\u00e9r arra, hogy egyszer\u0171en csak kapcsol\u00f3djunk m\u00e1sokhoz, olyan emberekkel, akik pontosan \u00e9rtik, min m\u00e9sz kereszt\u00fcl.<\/div>\n<div class=\"x14z9mp xat24cr x1lziwak x1vvkbs xtlvy1s\">A WakeUp MeetUp err\u0151l sz\u00f3l:<br class=\"html-br\" \/><span class=\"html-span xexx8yu xyri2b x18d9i69 x1c1uobl x1hl2dhg x16tdsg8 x1vvkbs x3nfvp2 x1j61x8r x1fcty0u xdj266r xat24cr xm2jcoa x1mpyi22 xxymvpz xlup9mm x1kky2od\">&#8211;<\/span> kapcsol\u00f3d\u00e1sr\u00f3l.<br class=\"html-br\" \/>&#8211; t\u00e1mogat\u00e1sr\u00f3l.<br class=\"html-br\" \/><span class=\"html-span xexx8yu xyri2b x18d9i69 x1c1uobl x1hl2dhg x16tdsg8 x1vvkbs x3nfvp2 x1j61x8r x1fcty0u xdj266r xat24cr xm2jcoa x1mpyi22 xxymvpz xlup9mm x1kky2od\">&#8211; <\/span>\u00faj perspekt\u00edv\u00e1kr\u00f3l.<\/div>\n<div><\/div>\n<div class=\"x14z9mp xat24cr x1lziwak x1vvkbs xtlvy1s\">Arr\u00f3l, hogy a k\u00f6z\u00f6ss\u00e9g ereje seg\u00edtsen \u00faj lehet\u0151s\u00e9geket megl\u00e1tni. Ak\u00e1r egy\u00fcttm\u0171k\u00f6d\u00e9sekben, ak\u00e1r gondolkod\u00e1sm\u00f3dban, ak\u00e1r egy j\u00f3 k\u00e9rd\u00e9sen, besz\u00e9lget\u00e9sen kereszt\u00fcl.<\/div>\n<div><\/div>\n<div class=\"x14z9mp xat24cr x1lziwak x1vvkbs xtlvy1s\"><span class=\"html-span xexx8yu xyri2b x18d9i69 x1c1uobl x1hl2dhg x16tdsg8 x1vvkbs x3nfvp2 x1j61x8r x1fcty0u xdj266r xat24cr xm2jcoa x1mpyi22 xxymvpz xlup9mm x1kky2od\">Az elej\u00e9n \u00fagy indultunk, hogy nem kell regisztr\u00e1lni, csup\u00e1n csak a h\u00edv\u00e1s id\u0151pontj\u00e1ban kellett r\u00e1kattintani a Google Meet linkre, azonban ez a m\u00f3dszer nem m\u0171k\u00f6d\u00f6tt. \u00cdgy mostant\u00f3l a rendezv\u00e9ny csak a My WakeUp fi\u00f3kkal rendelkez\u0151 \u00fcgyfeleink sz\u00e1m\u00e1ra d\u00edjmentes. Sz\u00f3val, ha szeretn\u00e9l ott lenni vel\u00fcnk, akkor egy gyors p\u00e1r perces regisztr\u00e1ci\u00f3t k\u00e9r\u00fcnk t\u0151led.\u00a0<\/span><\/div>\n<div class=\"x14z9mp xat24cr x1lziwak x1vvkbs xtlvy1s\"><\/div>\n<p class=\"x14z9mp xat24cr x1lziwak x1vvkbs xtlvy1s\">A tervek szerint -l\u00e9tsz\u00e1mt\u00f3l f\u00fcgg\u0151en- mindenkinek lesz 1-2 perce, hogy:<\/p>\n<ul>\n<li class=\"x14z9mp xat24cr x1lziwak x1vvkbs xtlvy1s\">bemutasd, ki vagy \u00e9s mire v\u00e1llalkozol,<\/li>\n<li class=\"x14z9mp xat24cr x1lziwak x1vvkbs xtlvy1s\">elmondd, mire keresel megold\u00e1st a v\u00e1llalkoz\u00e1sodban,<\/li>\n<li class=\"x14z9mp xat24cr x1lziwak x1vvkbs xtlvy1s\">megoszd, miben tudsz m\u00e1s v\u00e1llalkoz\u00f3knak seg\u00edteni.<\/li>\n<\/ul>\n<div class=\"x14z9mp xat24cr x1lziwak x1vvkbs xtlvy1s\">A WakeUp MeetUp minden esetben Google Meet linken ker\u00fcl megtart\u00e1sra, amit regisztr\u00e1ci\u00f3 ut\u00e1n k\u00fcld\u00fcnk meg neked emailben <em>(vagy megtal\u00e1lod a My WakeUp fi\u00f3kodban bejelentkez\u00e9s ut\u00e1n a &#8222;Bel\u00e9p\u0151jegyeim&#8221; men\u00fcpont alatt)<\/em>. \u00cdgy m\u00e1r most be\u00edrhatod a napt\u00e1rba a 2026-os alkalmakat, hogy biztosan ne felejtsd el. Mert ugye, ami nincsen a napt\u00e1rban, az nem is l\u00e9tezik.<\/div>\n<div><\/div>\n<div class=\"x14z9mp xat24cr x1lziwak x1vvkbs xtlvy1s\"><strong>A WakeUp MeetUp egy laza, p\u00f6rg\u0151s v\u00e1llalkoz\u00f3i ismerked\u00e9s. <\/strong>Olyan, mint egy \u00fczleti gyorsrandiz\u00e1s, aminek a v\u00e9ge egy k\u00f6tetlen besz\u00e9lget\u00e9s. Csak nem kell senkit leny\u0171g\u00f6zn\u00f6d, el\u00e9g \u00f6nmagadnak lenned. Amit k\u00e9r\u00fcnk:<\/div>\n<div>\n<ul>\n<li class=\"x14z9mp xat24cr x1lziwak x1vvkbs xtlvy1s\"><strong>Ne told t\u00fal az \u00e9rt\u00e9kes\u00edt\u00e9st.<\/strong> <em>Az \u00fcgyf\u00e9l nem az\u00e9rt fog hozz\u00e1d menni, mert 3 percig besz\u00e9lsz arr\u00f3l, hogy milyen kir\u00e1ly vagy.<\/em><\/li>\n<li class=\"x14z9mp xat24cr x1lziwak x1vvkbs xtlvy1s\"><strong>Besz\u00e9lj \u0151szint\u00e9n<\/strong> a mindennapjaidr\u00f3l, tapasztalataidr\u00f3l, \u00e9s gondold v\u00e9gig, neked mire van most igaz\u00e1n sz\u00fcks\u00e9ged ahhoz, hogy egyr\u0151l a kett\u0151re l\u00e9pj.<\/li>\n<li class=\"x14z9mp xat24cr x1lziwak x1vvkbs xtlvy1s\">\u00dcgyelj az id\u0151re &#8211; mindannyiunknak dr\u00e1ga.<\/li>\n<li class=\"x14z9mp xat24cr x1lziwak x1vvkbs xtlvy1s\">Haszn\u00e1ld a \u201eJelentkez\u00e9s\u201d gombot a Google Meet-ben, ha hozz\u00e1 szeretn\u00e9l sz\u00f3lni.<\/li>\n<li class=\"x14z9mp xat24cr x1lziwak x1vvkbs xtlvy1s\">A mikrofont csak akkor kapcsold be, amikor besz\u00e9lsz.<\/li>\n<li class=\"x14z9mp xat24cr x1lziwak x1vvkbs xtlvy1s\">Ha lehet, kamer\u00e1val jelentkezz be \u2013 amikor besz\u00e9lsz, mindenk\u00e9pp.<\/li>\n<\/ul>\n<\/div>\n<div class=\"x14z9mp xat24cr x1lziwak x1vvkbs xtlvy1s\">Ha \u00fagy \u00e9rzed, hogy egy ilyen v\u00e1llalkoz\u00f3i k\u00f6zeg j\u00f3l j\u00f6nne hosszabb t\u00e1von is, akkor fedezd fel a WakeUp k\u00f6z\u00f6ss\u00e9geit.Ha pedig egy\u00fctt v\u00e9gigvissz\u00fck ezt az \u00e9vet, akkor \u00e9v v\u00e9g\u00e9n csin\u00e1lunk egy k\u00f6z\u00f6s budapesti v\u00e1llalkoz\u00f3i \u201ec\u00e9ges \u00e9vz\u00e1r\u00f3t\u201d, \u00e9s \u00e9l\u0151ben is koccintunk arra, amit k\u00f6zben fel\u00e9p\u00edtett\u00fcnk. De ez m\u00e9g titok, \u00edgy egy\u00e9rtelm\u0171, hogy mindenkinek elmondom.<\/div>\n<div class=\"x14z9mp xat24cr x1lziwak x1vvkbs xtlvy1s\">A folytat\u00e1s pedig tov\u00e1bbra is rajtatok m\u00falik.<\/div>\n","protected":false},"excerpt":{"rendered":"<p>D\u00edjmentes online networking esem\u00e9ny. Mutatkozz be. Mondd el hol tartasz. Kapcsol\u00f3dj m\u00e1sokkal. Ennyire egyszer\u0171 ez az eg\u00e9sz! Vel\u00fcnk tartasz?<\/p>\n","protected":false},"featured_media":27845,"template":"","meta":{"jetpack_post_was_ever_published":false},"product_brand":[],"product_cat":[422],"product_tag":[],"class_list":{"0":"post-27844","1":"product","2":"type-product","3":"status-publish","4":"has-post-thumbnail","6":"product_cat-fellowship-esemeny","8":"first","9":"instock","10":"virtual","11":"taxable","12":"purchasable","13":"product-type-simple"},"jetpack_sharing_enabled":true,"_links":{"self":[{"href":"https:\/\/wakeupnetwork.hu\/my\/wp-json\/wp\/v2\/product\/27844","targetHints":{"allow":["GET"]}}],"collection":[{"href":"https:\/\/wakeupnetwork.hu\/my\/wp-json\/wp\/v2\/product"}],"about":[{"href":"https:\/\/wakeupnetwork.hu\/my\/wp-json\/wp\/v2\/types\/product"}],"version-history":[{"count":1,"href":"https:\/\/wakeupnetwork.hu\/my\/wp-json\/wp\/v2\/product\/27844\/revisions"}],"predecessor-version":[{"id":27846,"href":"https:\/\/wakeupnetwork.hu\/my\/wp-json\/wp\/v2\/product\/27844\/revisions\/27846"}],"wp:featuredmedia":[{"embeddable":true,"href":"https:\/\/wakeupnetwork.hu\/my\/wp-json\/wp\/v2\/media\/27845"}],"wp:attachment":[{"href":"https:\/\/wakeupnetwork.hu\/my\/wp-json\/wp\/v2\/media?parent=27844"}],"wp:term":[{"taxonomy":"product_brand","embeddable":true,"href":"https:\/\/wakeupnetwork.hu\/my\/wp-json\/wp\/v2\/product_brand?post=27844"},{"taxonomy":"product_cat","embeddable":true,"href":"https:\/\/wakeupnetwork.hu\/my\/wp-json\/wp\/v2\/product_cat?post=27844"},{"taxonomy":"product_tag","embeddable":true,"href":"https:\/\/wakeupnetwork.hu\/my\/wp-json\/wp\/v2\/product_tag?post=27844"}],"curies":[{"name":"wp","href":"https:\/\/api.w.org\/{rel}","templated":true}]}}