{"id":28000,"date":"2026-04-27T08:49:48","date_gmt":"2026-04-27T06:49:48","guid":{"rendered":"https:\/\/wakeupnetwork.hu\/my\/?post_type=product&#038;p=28000"},"modified":"2026-04-30T19:26:02","modified_gmt":"2026-04-30T17:26:02","slug":"alkalmankenti-teremberles","status":"publish","type":"product","link":"https:\/\/wakeupnetwork.hu\/my\/termek\/alkalmankenti-teremberles\/","title":{"rendered":"Alkalmank\u00e9nti teremb\u00e9rl\u00e9s"},"content":{"rendered":"","protected":false},"excerpt":{"rendered":"","protected":false},"featured_media":0,"template":"","meta":[],"product_brand":[],"product_cat":[255],"product_tag":[],"class_list":{"0":"post-28000","1":"product","2":"type-product","3":"status-publish","5":"product_cat-alkalmankenti-teremberles","7":"first","8":"instock","9":"taxable","10":"shipping-taxable","11":"purchasable","12":"product-type-variable"},"_links":{"self":[{"href":"https:\/\/wakeupnetwork.hu\/my\/wp-json\/wp\/v2\/product\/28000","targetHints":{"allow":["GET"]}}],"collection":[{"href":"https:\/\/wakeupnetwork.hu\/my\/wp-json\/wp\/v2\/product"}],"about":[{"href":"https:\/\/wakeupnetwork.hu\/my\/wp-json\/wp\/v2\/types\/product"}],"version-history":[{"count":1,"href":"https:\/\/wakeupnetwork.hu\/my\/wp-json\/wp\/v2\/product\/28000\/revisions"}],"predecessor-version":[{"id":28001,"href":"https:\/\/wakeupnetwork.hu\/my\/wp-json\/wp\/v2\/product\/28000\/revisions\/28001"}],"wp:attachment":[{"href":"https:\/\/wakeupnetwork.hu\/my\/wp-json\/wp\/v2\/media?parent=28000"}],"wp:term":[{"taxonomy":"product_brand","embeddable":true,"href":"https:\/\/wakeupnetwork.hu\/my\/wp-json\/wp\/v2\/product_brand?post=28000"},{"taxonomy":"product_cat","embeddable":true,"href":"https:\/\/wakeupnetwork.hu\/my\/wp-json\/wp\/v2\/product_cat?post=28000"},{"taxonomy":"product_tag","embeddable":true,"href":"https:\/\/wakeupnetwork.hu\/my\/wp-json\/wp\/v2\/product_tag?post=28000"}],"curies":[{"name":"wp","href":"https:\/\/api.w.org\/{rel}","templated":true}]}}