{"id":6806,"date":"2023-09-07T18:04:26","date_gmt":"2023-09-07T16:04:26","guid":{"rendered":"https:\/\/wakeupnetwork.hu\/my\/?post_type=product&#038;p=6806"},"modified":"2026-03-11T15:25:26","modified_gmt":"2026-03-11T14:25:26","slug":"meta-ads-hirdeteskezeles","status":"publish","type":"product","link":"https:\/\/wakeupnetwork.hu\/my\/termek\/meta-ads-hirdeteskezeles\/","title":{"rendered":"Meta ADS hirdet\u00e9skezel\u00e9s"},"content":{"rendered":"","protected":false},"excerpt":{"rendered":"<p>A k\u00f6z\u00f6ss\u00e9gi m\u00e9dia fel\u00fcleteit els\u0151sorban a sz\u00f3rakoz\u00e1sra \u00e9s kikapcsol\u00f3d\u00e1sra tervezt\u00e9k. A felhaszn\u00e1l\u00f3k az\u00e9rt k\u00f6vetnek egy-egy oldalt mert \u00e9rdekesnek tal\u00e1lj\u00e1k a tartalmakat vagy m\u00e1r ismerik a m\u00e1rk\u00e1t.\u00a0<strong>A META azaz a WhatsApp, Facebook, Messenger, valamint az Instagram hirdet\u00e9sek tudatos haszn\u00e1lata t\u00falmutat a m\u00e1rka\u00e9p\u00edt\u00e9sen \u00e9s kiv\u00e1l\u00f3 eszk\u00f6z az \u00e9rt\u00e9kes\u00edt\u00e9s felgyors\u00edt\u00e1s\u00e1ra, az \u00fczenetek c\u00e9lba juttat\u00e1s\u00e1ra, mert k\u00e9pesek val\u00f3di konverzi\u00f3kra.\u00a0<\/strong>V\u00e1lassz csomagjaink k\u00f6z\u00fcl vagy ide kattintva k\u00e9rj egyedi aj\u00e1nlatot.<\/p>\n","protected":false},"featured_media":11766,"template":"","meta":[],"product_brand":[],"product_cat":[230,228],"product_tag":[],"class_list":{"0":"post-6806","1":"product","2":"type-product","3":"status-publish","4":"has-post-thumbnail","6":"product_cat-hirdeteskezeles","7":"product_cat-prmarketing","9":"first","10":"instock","11":"taxable","12":"shipping-taxable","13":"purchasable","14":"product-type-variable"},"_links":{"self":[{"href":"https:\/\/wakeupnetwork.hu\/my\/wp-json\/wp\/v2\/product\/6806","targetHints":{"allow":["GET"]}}],"collection":[{"href":"https:\/\/wakeupnetwork.hu\/my\/wp-json\/wp\/v2\/product"}],"about":[{"href":"https:\/\/wakeupnetwork.hu\/my\/wp-json\/wp\/v2\/types\/product"}],"version-history":[{"count":0,"href":"https:\/\/wakeupnetwork.hu\/my\/wp-json\/wp\/v2\/product\/6806\/revisions"}],"wp:featuredmedia":[{"embeddable":true,"href":"https:\/\/wakeupnetwork.hu\/my\/wp-json\/wp\/v2\/media\/11766"}],"wp:attachment":[{"href":"https:\/\/wakeupnetwork.hu\/my\/wp-json\/wp\/v2\/media?parent=6806"}],"wp:term":[{"taxonomy":"product_brand","embeddable":true,"href":"https:\/\/wakeupnetwork.hu\/my\/wp-json\/wp\/v2\/product_brand?post=6806"},{"taxonomy":"product_cat","embeddable":true,"href":"https:\/\/wakeupnetwork.hu\/my\/wp-json\/wp\/v2\/product_cat?post=6806"},{"taxonomy":"product_tag","embeddable":true,"href":"https:\/\/wakeupnetwork.hu\/my\/wp-json\/wp\/v2\/product_tag?post=6806"}],"curies":[{"name":"wp","href":"https:\/\/api.w.org\/{rel}","templated":true}]}}