{"id":6866,"date":"2023-09-07T18:29:19","date_gmt":"2023-09-07T16:29:19","guid":{"rendered":"https:\/\/wakeupnetwork.hu\/my\/?post_type=product&#038;p=6866"},"modified":"2024-03-22T09:08:50","modified_gmt":"2024-03-22T08:08:50","slug":"linkedin-ads-hirdeteskezeles","status":"publish","type":"product","link":"https:\/\/wakeupnetwork.hu\/my\/termek\/linkedin-ads-hirdeteskezeles\/","title":{"rendered":"LinkedIN ADS hirdet\u00e9skezel\u00e9s"},"content":{"rendered":"","protected":false},"excerpt":{"rendered":"<p>A LinkedIn hirdet\u00e9sek rejtik az \u00fczleti siker kulcs\u00e1t! A LinkedIn platform hat\u00e9kony \u00e9s kifinomult hirdet\u00e9si lehet\u0151s\u00e9geket k\u00edn\u00e1l, hogy v\u00e1llalkoz\u00e1sod kiemelkedjen a t\u00f6megb\u0151l \u00e9s hat\u00e9konyan \u00e9rje el a c\u00e9lk\u00f6z\u00f6ns\u00e9get. A LinkedIn hirdet\u00e9sek kiv\u00e1l\u00f3 lehet\u0151s\u00e9get biztos\u00edtanak a honlapod l\u00e1totts\u00e1g\u00e1nak n\u00f6vel\u00e9s\u00e9re, valamint m\u00e1rk\u00e1d n\u00e9pszer\u0171s\u00edt\u00e9s\u00e9re, hogy minden felhaszn\u00e1l\u00f3 \u00a0megismerje azt!\u00a0<b>A LinkedIn hirdet\u00e9sek lehet\u0151s\u00e9get ny\u00fajtanak a m\u00e1rkajelenl\u00e9t \u00e9p\u00edt\u00e9s\u00e9re \u00e9s az ismerets\u00e9g n\u00f6vel\u00e9s\u00e9re.<\/b><\/p>\n","protected":false},"featured_media":11779,"template":"","meta":[],"product_brand":[],"product_cat":[230,228],"product_tag":[],"class_list":{"0":"post-6866","1":"product","2":"type-product","3":"status-publish","4":"has-post-thumbnail","6":"product_cat-hirdeteskezeles","7":"product_cat-prmarketing","9":"first","10":"instock","11":"taxable","12":"shipping-taxable","13":"purchasable","14":"product-type-variable"},"_links":{"self":[{"href":"https:\/\/wakeupnetwork.hu\/my\/wp-json\/wp\/v2\/product\/6866","targetHints":{"allow":["GET"]}}],"collection":[{"href":"https:\/\/wakeupnetwork.hu\/my\/wp-json\/wp\/v2\/product"}],"about":[{"href":"https:\/\/wakeupnetwork.hu\/my\/wp-json\/wp\/v2\/types\/product"}],"version-history":[{"count":0,"href":"https:\/\/wakeupnetwork.hu\/my\/wp-json\/wp\/v2\/product\/6866\/revisions"}],"wp:featuredmedia":[{"embeddable":true,"href":"https:\/\/wakeupnetwork.hu\/my\/wp-json\/wp\/v2\/media\/11779"}],"wp:attachment":[{"href":"https:\/\/wakeupnetwork.hu\/my\/wp-json\/wp\/v2\/media?parent=6866"}],"wp:term":[{"taxonomy":"product_brand","embeddable":true,"href":"https:\/\/wakeupnetwork.hu\/my\/wp-json\/wp\/v2\/product_brand?post=6866"},{"taxonomy":"product_cat","embeddable":true,"href":"https:\/\/wakeupnetwork.hu\/my\/wp-json\/wp\/v2\/product_cat?post=6866"},{"taxonomy":"product_tag","embeddable":true,"href":"https:\/\/wakeupnetwork.hu\/my\/wp-json\/wp\/v2\/product_tag?post=6866"}],"curies":[{"name":"wp","href":"https:\/\/api.w.org\/{rel}","templated":true}]}}